{"id":1040,"date":"2021-05-01T18:46:57","date_gmt":"2021-05-01T16:46:57","guid":{"rendered":"https:\/\/clubmicronet.net\/wordpress\/?page_id=1040"},"modified":"2025-09-04T18:48:00","modified_gmt":"2025-09-04T16:48:00","slug":"tarifs","status":"publish","type":"page","link":"https:\/\/clubmicronet.net\/wordpress\/tarifs\/","title":{"rendered":"Adh\u00e9sion"},"content":{"rendered":"<p>[et_pb_section fb_built=\u00a0\u00bb1&Prime; admin_label=\u00a0\u00bbACTIVITES\u00a0\u00bb _builder_version=\u00a0\u00bb4.16&Prime; _module_preset=\u00a0\u00bbdefault\u00a0\u00bb background_color=\u00a0\u00bbRGBA(0,0,0,0)\u00a0\u00bb background_image=\u00a0\u00bbhttps:\/\/clubmicronet.net\/wordpress\/wp-content\/uploads\/2021\/05\/dries-augustyns-yiCOCqZ-ig4-unsplash-scaled.jpg\u00a0\u00bb module_alignment=\u00a0\u00bbcenter\u00a0\u00bb custom_margin=\u00a0\u00bb||0px||false|false\u00a0\u00bb custom_padding=\u00a0\u00bb25px||25px||true|false\u00a0\u00bb global_colors_info=\u00a0\u00bb{}\u00a0\u00bb][et_pb_row _builder_version=\u00a0\u00bb4.16&Prime; _module_preset=\u00a0\u00bbdefault\u00a0\u00bb background_color=\u00a0\u00bbRGBA(0,0,0,0)\u00a0\u00bb width=\u00a0\u00bb100%\u00a0\u00bb width_tablet=\u00a0\u00bb100%\u00a0\u00bb width_phone=\u00a0\u00bb98%\u00a0\u00bb width_last_edited=\u00a0\u00bbon|phone\u00a0\u00bb max_width=\u00a0\u00bb1160px\u00a0\u00bb module_alignment=\u00a0\u00bbcenter\u00a0\u00bb custom_margin=\u00a0\u00bb30px|6px|30px|9px|true|false\u00a0\u00bb custom_padding=\u00a0\u00bb0px||0px||false|false\u00a0\u00bb background_last_edited=\u00a0\u00bbon|phone\u00a0\u00bb global_colors_info=\u00a0\u00bb{}\u00a0\u00bb][et_pb_column type=\u00a0\u00bb4_4&Prime; _builder_version=\u00a0\u00bb4.16&Prime; _module_preset=\u00a0\u00bbdefault\u00a0\u00bb global_colors_info=\u00a0\u00bb{}\u00a0\u00bb][et_pb_text _builder_version=\u00a0\u00bb4.27.4&Prime; _module_preset=\u00a0\u00bbdefault\u00a0\u00bb text_font_size=\u00a0\u00bb16px\u00a0\u00bb background_color=\u00a0\u00bbgcid-c7530698-717f-4069-b499-e67a0a16690c\u00a0\u00bb background_enable_color=\u00a0\u00bbon\u00a0\u00bb width_tablet=\u00a0\u00bb\u00a0\u00bb width_phone=\u00a0\u00bbauto\u00a0\u00bb width_last_edited=\u00a0\u00bbon|phone\u00a0\u00bb custom_margin=\u00a0\u00bb0px||0px||false|false\u00a0\u00bb custom_padding=\u00a0\u00bb16px||14px|0px|false|false\u00a0\u00bb hover_enabled=\u00a0\u00bb0&Prime; border_radii=\u00a0\u00bbon|8px|8px|8px|8px\u00a0\u00bb border_width_all=\u00a0\u00bb1px\u00a0\u00bb inline_fonts=\u00a0\u00bbAlatsi,Autour One,Montserrat\u00a0\u00bb global_colors_info=\u00a0\u00bb{%22gcid-c7530698-717f-4069-b499-e67a0a16690c%22:%91%22background_color%22%93}\u00a0\u00bb sticky_enabled=\u00a0\u00bb0&Prime;]<\/p>\n<h1 style=\"text-align: center;\"><strong><span style=\"color: #0e1b12; font-family: Montserrat; font-size: x-large;\">Adh\u00e9sion<\/span><\/strong><\/h1>\n<p style=\"text-align: center;\"><span style=\"color: #0e1b12;\">L&rsquo;adh\u00e9sion au club est valable de d\u00e9but septembre \u00e0 fin juin.<br \/><\/span><span style=\"color: #0e1b12; font-size: 16px;\">Elle donne droit \u00e0 l&rsquo;utilisation des \u00e9quipements du club, aux animations, aux ateliers ainsi qu&rsquo;aux aides personnalis\u00e9es et aux libres-services<\/span><\/p>\n<p style=\"text-align: center;\"><span style=\"color: #0e1b12; font-size: 16px;\"><span style=\"color: #0e1b12;\"><strong>Cotisation CLUB MICRONET VINCENNES<\/strong> &#8211; Saison 2025 &#8211; 2026<\/span><br \/><span style=\"color: #0e1b12;\"> Tarif : 125,00 \u20ac &#8211; Renouvellement : 115,00 \u20ac &#8211; Handicap\u00e9s : 90,00<br \/>\u00c9tudiants et Demandeurs d\u2019emploi : 70,00 \u20ac<\/span><\/span><\/p>\n<p style=\"text-align: center;\"><strong style=\"font-size: 16px;\"><span style=\"font-size: 16px;\">L&rsquo;adh\u00e9sion \u00e0 l&rsquo;Espace Sorano est obligatoire et s&rsquo;ajoute \u00e0 cette cotisation.<br \/><\/span><\/strong><strong style=\"font-size: 16px;\"><span style=\"font-size: 16px;\">(sauf si d\u00e9j\u00e0 r\u00e9gl\u00e9e pour une autre activit\u00e9)<\/span><\/strong><\/p>\n<p style=\"text-align: center;\"><strong>Adh\u00e9sion Espace SORANO<\/strong> &#8211; Saison 2025-2026<br \/>Habitants Vincennes : 36 euros (26 euros pour les moins de 16 ans)<br \/>Hors Vincennes : 45 euros (35 euros pour les moins de 16 ans)<br \/>(justificatif de domicile pour b\u00e9n\u00e9ficier du tarif Vincennois)<\/p>\n<p style=\"text-align: center;\">Vous pouvez t\u00e9l\u00e9charger les documents du club en cliquant <a href=\"https:\/\/clubmicronet.net\/wordpress\/documents-et-plaquettes\/\" target=\"_blank\" rel=\"noopener\">ici<\/a><\/p>\n<p>[\/et_pb_text][et_pb_text _builder_version=\u00a0\u00bb4.27.4&Prime; _module_preset=\u00a0\u00bbdefault\u00a0\u00bb text_font_size=\u00a0\u00bb16px\u00a0\u00bb background_color=\u00a0\u00bbgcid-c7530698-717f-4069-b499-e67a0a16690c\u00a0\u00bb background_enable_color=\u00a0\u00bbon\u00a0\u00bb custom_margin=\u00a0\u00bb5px||5px||true|false\u00a0\u00bb custom_padding=\u00a0\u00bb16px||14px|0px|false|false\u00a0\u00bb border_radii=\u00a0\u00bbon|8px|8px|8px|8px\u00a0\u00bb border_width_all=\u00a0\u00bb1px\u00a0\u00bb global_colors_info=\u00a0\u00bb{%22gcid-c7530698-717f-4069-b499-e67a0a16690c%22:%91%22background_color%22%93}\u00a0\u00bb]<\/p>\n<h4 class=\"oIy2qc\" jsname=\"dTKtvb\" data-message-text=\"Titre : Tarifs Ateliers pour les non adh\u00e9rents\" style=\"text-align: center;\"><strong><span style=\"color: #0e1b12;\">Tarif Ateliers pour les non adh\u00e9rents<\/span><\/strong><\/h4>\n<div class=\"oIy2qc\" jsname=\"dTKtvb\" data-message-text=\"Titre : Tarifs Ateliers pour les non adh\u00e9rents\"><\/div>\n<div class=\"oIy2qc\" jsname=\"dTKtvb\" data-message-text=\"phrase : une participation de 10\u20ac est demand\u00e9e\" style=\"text-align: center;\"><span style=\"color: #0e1b12;\">Une participation de 10 \u20ac par s\u00e9ance est demand\u00e9e<\/span><\/div>\n<p>[\/et_pb_text][\/et_pb_column][\/et_pb_row][\/et_pb_section]<\/p>\n","protected":false},"excerpt":{"rendered":"<p>Adh\u00e9sion L&rsquo;adh\u00e9sion au club est valable de d\u00e9but septembre \u00e0 fin juin.Elle donne droit \u00e0 l&rsquo;utilisation des \u00e9quipements du club, aux animations, aux ateliers ainsi qu&rsquo;aux aides personnalis\u00e9es et aux libres-services Cotisation CLUB MICRONET VINCENNES &#8211; Saison 2025 &#8211; 2026 Tarif : 125,00 \u20ac &#8211; Renouvellement : 115,00 \u20ac &#8211; Handicap\u00e9s : 90,00\u00c9tudiants et Demandeurs [&hellip;]<\/p>\n","protected":false},"author":1,"featured_media":0,"parent":0,"menu_order":0,"comment_status":"closed","ping_status":"closed","template":"","meta":{"_et_pb_use_builder":"on","_et_pb_old_content":"","_et_gb_content_width":"","footnotes":""},"class_list":["post-1040","page","type-page","status-publish","hentry"],"yoast_head":"<!-- This site is optimized with the Yoast SEO plugin v27.5 - https:\/\/yoast.com\/product\/yoast-seo-wordpress\/ -->\n<title>Adh\u00e9sion - Club Informatique Micronet Vincennes<\/title>\n<meta name=\"robots\" content=\"index, follow, max-snippet:-1, max-image-preview:large, max-video-preview:-1\" \/>\n<link rel=\"canonical\" href=\"https:\/\/clubmicronet.net\/wordpress\/tarifs\/\" \/>\n<meta property=\"og:locale\" content=\"fr_FR\" \/>\n<meta property=\"og:type\" content=\"article\" \/>\n<meta property=\"og:title\" content=\"Adh\u00e9sion - Club Informatique Micronet Vincennes\" \/>\n<meta property=\"og:description\" content=\"Adh\u00e9sion L&#039;adh\u00e9sion au club est valable de d\u00e9but septembre \u00e0 fin juin.Elle donne droit \u00e0 l&#039;utilisation des \u00e9quipements du club, aux animations, aux ateliers ainsi qu&#039;aux aides personnalis\u00e9es et aux libres-services Cotisation CLUB MICRONET VINCENNES - Saison 2025 - 2026 Tarif : 125,00 \u20ac - Renouvellement : 115,00 \u20ac - Handicap\u00e9s : 90,00\u00c9tudiants et Demandeurs [&hellip;]\" \/>\n<meta property=\"og:url\" content=\"https:\/\/clubmicronet.net\/wordpress\/tarifs\/\" \/>\n<meta property=\"og:site_name\" content=\"Club Informatique Micronet Vincennes\" \/>\n<meta property=\"article:publisher\" content=\"https:\/\/www.facebook.com\/ClubMicronetVincennes\/\" \/>\n<meta property=\"article:modified_time\" content=\"2025-09-04T16:48:00+00:00\" \/>\n<meta name=\"twitter:card\" content=\"summary_large_image\" \/>\n<meta name=\"twitter:label1\" content=\"Dur\u00e9e de lecture estim\u00e9e\" \/>\n\t<meta name=\"twitter:data1\" content=\"1 minute\" \/>\n<script type=\"application\/ld+json\" class=\"yoast-schema-graph\">{\"@context\":\"https:\\\/\\\/schema.org\",\"@graph\":[{\"@type\":\"WebPage\",\"@id\":\"https:\\\/\\\/clubmicronet.net\\\/wordpress\\\/tarifs\\\/\",\"url\":\"https:\\\/\\\/clubmicronet.net\\\/wordpress\\\/tarifs\\\/\",\"name\":\"Adh\u00e9sion - Club Informatique Micronet Vincennes\",\"isPartOf\":{\"@id\":\"https:\\\/\\\/clubmicronet.net\\\/wordpress\\\/#website\"},\"datePublished\":\"2021-05-01T16:46:57+00:00\",\"dateModified\":\"2025-09-04T16:48:00+00:00\",\"breadcrumb\":{\"@id\":\"https:\\\/\\\/clubmicronet.net\\\/wordpress\\\/tarifs\\\/#breadcrumb\"},\"inLanguage\":\"fr-FR\",\"potentialAction\":[{\"@type\":\"ReadAction\",\"target\":[\"https:\\\/\\\/clubmicronet.net\\\/wordpress\\\/tarifs\\\/\"]}]},{\"@type\":\"BreadcrumbList\",\"@id\":\"https:\\\/\\\/clubmicronet.net\\\/wordpress\\\/tarifs\\\/#breadcrumb\",\"itemListElement\":[{\"@type\":\"ListItem\",\"position\":1,\"name\":\"Accueil\",\"item\":\"https:\\\/\\\/clubmicronet.net\\\/wordpress\\\/\"},{\"@type\":\"ListItem\",\"position\":2,\"name\":\"Adh\u00e9sion\"}]},{\"@type\":\"WebSite\",\"@id\":\"https:\\\/\\\/clubmicronet.net\\\/wordpress\\\/#website\",\"url\":\"https:\\\/\\\/clubmicronet.net\\\/wordpress\\\/\",\"name\":\"Club Informatique Micronet Vincennes\",\"description\":\"Le Club d&#039;informatique \u00e0 Vincennes, anim\u00e9 par des b\u00e9n\u00e9voles, vous accueille dans une atmosph\u00e8re conviviale, vous aide \u00e0 d\u00e9finir et atteindre vos objectifs dans le domaine de l\u2019informatique.\",\"publisher\":{\"@id\":\"https:\\\/\\\/clubmicronet.net\\\/wordpress\\\/#organization\"},\"potentialAction\":[{\"@type\":\"SearchAction\",\"target\":{\"@type\":\"EntryPoint\",\"urlTemplate\":\"https:\\\/\\\/clubmicronet.net\\\/wordpress\\\/?s={search_term_string}\"},\"query-input\":{\"@type\":\"PropertyValueSpecification\",\"valueRequired\":true,\"valueName\":\"search_term_string\"}}],\"inLanguage\":\"fr-FR\"},{\"@type\":\"Organization\",\"@id\":\"https:\\\/\\\/clubmicronet.net\\\/wordpress\\\/#organization\",\"name\":\"Club Micronet Vincennes\",\"url\":\"https:\\\/\\\/clubmicronet.net\\\/wordpress\\\/\",\"logo\":{\"@type\":\"ImageObject\",\"inLanguage\":\"fr-FR\",\"@id\":\"https:\\\/\\\/clubmicronet.net\\\/wordpress\\\/#\\\/schema\\\/logo\\\/image\\\/\",\"url\":\"https:\\\/\\\/clubmicronet.net\\\/wordpress\\\/wp-content\\\/uploads\\\/2021\\\/05\\\/logo-club.jpg\",\"contentUrl\":\"https:\\\/\\\/clubmicronet.net\\\/wordpress\\\/wp-content\\\/uploads\\\/2021\\\/05\\\/logo-club.jpg\",\"width\":217,\"height\":214,\"caption\":\"Club Micronet Vincennes\"},\"image\":{\"@id\":\"https:\\\/\\\/clubmicronet.net\\\/wordpress\\\/#\\\/schema\\\/logo\\\/image\\\/\"},\"sameAs\":[\"https:\\\/\\\/www.facebook.com\\\/ClubMicronetVincennes\\\/\"]}]}<\/script>\n<!-- \/ Yoast SEO plugin. -->","yoast_head_json":{"title":"Adh\u00e9sion - Club Informatique Micronet Vincennes","robots":{"index":"index","follow":"follow","max-snippet":"max-snippet:-1","max-image-preview":"max-image-preview:large","max-video-preview":"max-video-preview:-1"},"canonical":"https:\/\/clubmicronet.net\/wordpress\/tarifs\/","og_locale":"fr_FR","og_type":"article","og_title":"Adh\u00e9sion - Club Informatique Micronet Vincennes","og_description":"Adh\u00e9sion L'adh\u00e9sion au club est valable de d\u00e9but septembre \u00e0 fin juin.Elle donne droit \u00e0 l'utilisation des \u00e9quipements du club, aux animations, aux ateliers ainsi qu'aux aides personnalis\u00e9es et aux libres-services Cotisation CLUB MICRONET VINCENNES - Saison 2025 - 2026 Tarif : 125,00 \u20ac - Renouvellement : 115,00 \u20ac - Handicap\u00e9s : 90,00\u00c9tudiants et Demandeurs [&hellip;]","og_url":"https:\/\/clubmicronet.net\/wordpress\/tarifs\/","og_site_name":"Club Informatique Micronet Vincennes","article_publisher":"https:\/\/www.facebook.com\/ClubMicronetVincennes\/","article_modified_time":"2025-09-04T16:48:00+00:00","twitter_card":"summary_large_image","twitter_misc":{"Dur\u00e9e de lecture estim\u00e9e":"1 minute"},"schema":{"@context":"https:\/\/schema.org","@graph":[{"@type":"WebPage","@id":"https:\/\/clubmicronet.net\/wordpress\/tarifs\/","url":"https:\/\/clubmicronet.net\/wordpress\/tarifs\/","name":"Adh\u00e9sion - Club Informatique Micronet Vincennes","isPartOf":{"@id":"https:\/\/clubmicronet.net\/wordpress\/#website"},"datePublished":"2021-05-01T16:46:57+00:00","dateModified":"2025-09-04T16:48:00+00:00","breadcrumb":{"@id":"https:\/\/clubmicronet.net\/wordpress\/tarifs\/#breadcrumb"},"inLanguage":"fr-FR","potentialAction":[{"@type":"ReadAction","target":["https:\/\/clubmicronet.net\/wordpress\/tarifs\/"]}]},{"@type":"BreadcrumbList","@id":"https:\/\/clubmicronet.net\/wordpress\/tarifs\/#breadcrumb","itemListElement":[{"@type":"ListItem","position":1,"name":"Accueil","item":"https:\/\/clubmicronet.net\/wordpress\/"},{"@type":"ListItem","position":2,"name":"Adh\u00e9sion"}]},{"@type":"WebSite","@id":"https:\/\/clubmicronet.net\/wordpress\/#website","url":"https:\/\/clubmicronet.net\/wordpress\/","name":"Club Informatique Micronet Vincennes","description":"Le Club d&#039;informatique \u00e0 Vincennes, anim\u00e9 par des b\u00e9n\u00e9voles, vous accueille dans une atmosph\u00e8re conviviale, vous aide \u00e0 d\u00e9finir et atteindre vos objectifs dans le domaine de l\u2019informatique.","publisher":{"@id":"https:\/\/clubmicronet.net\/wordpress\/#organization"},"potentialAction":[{"@type":"SearchAction","target":{"@type":"EntryPoint","urlTemplate":"https:\/\/clubmicronet.net\/wordpress\/?s={search_term_string}"},"query-input":{"@type":"PropertyValueSpecification","valueRequired":true,"valueName":"search_term_string"}}],"inLanguage":"fr-FR"},{"@type":"Organization","@id":"https:\/\/clubmicronet.net\/wordpress\/#organization","name":"Club Micronet Vincennes","url":"https:\/\/clubmicronet.net\/wordpress\/","logo":{"@type":"ImageObject","inLanguage":"fr-FR","@id":"https:\/\/clubmicronet.net\/wordpress\/#\/schema\/logo\/image\/","url":"https:\/\/clubmicronet.net\/wordpress\/wp-content\/uploads\/2021\/05\/logo-club.jpg","contentUrl":"https:\/\/clubmicronet.net\/wordpress\/wp-content\/uploads\/2021\/05\/logo-club.jpg","width":217,"height":214,"caption":"Club Micronet Vincennes"},"image":{"@id":"https:\/\/clubmicronet.net\/wordpress\/#\/schema\/logo\/image\/"},"sameAs":["https:\/\/www.facebook.com\/ClubMicronetVincennes\/"]}]}},"_links":{"self":[{"href":"https:\/\/clubmicronet.net\/wordpress\/wp-json\/wp\/v2\/pages\/1040","targetHints":{"allow":["GET"]}}],"collection":[{"href":"https:\/\/clubmicronet.net\/wordpress\/wp-json\/wp\/v2\/pages"}],"about":[{"href":"https:\/\/clubmicronet.net\/wordpress\/wp-json\/wp\/v2\/types\/page"}],"author":[{"embeddable":true,"href":"https:\/\/clubmicronet.net\/wordpress\/wp-json\/wp\/v2\/users\/1"}],"replies":[{"embeddable":true,"href":"https:\/\/clubmicronet.net\/wordpress\/wp-json\/wp\/v2\/comments?post=1040"}],"version-history":[{"count":32,"href":"https:\/\/clubmicronet.net\/wordpress\/wp-json\/wp\/v2\/pages\/1040\/revisions"}],"predecessor-version":[{"id":4680,"href":"https:\/\/clubmicronet.net\/wordpress\/wp-json\/wp\/v2\/pages\/1040\/revisions\/4680"}],"wp:attachment":[{"href":"https:\/\/clubmicronet.net\/wordpress\/wp-json\/wp\/v2\/media?parent=1040"}],"curies":[{"name":"wp","href":"https:\/\/api.w.org\/{rel}","templated":true}]}}