{"id":1167,"date":"2021-05-08T14:21:05","date_gmt":"2021-05-08T12:21:05","guid":{"rendered":"https:\/\/clubmicronet.net\/wordpress\/?page_id=1167"},"modified":"2026-05-12T13:38:06","modified_gmt":"2026-05-12T11:38:06","slug":"flash-info-3","status":"publish","type":"page","link":"https:\/\/clubmicronet.net\/wordpress\/flash-info-3\/","title":{"rendered":"Flash-Info"},"content":{"rendered":"<p>[et_pb_section fb_built=\u00a0\u00bb1&Prime; _builder_version=\u00a0\u00bb4.16&Prime; _module_preset=\u00a0\u00bbdefault\u00a0\u00bb background_image=\u00a0\u00bbhttps:\/\/clubmicronet.net\/wordpress\/wp-content\/uploads\/2021\/05\/sam-albury-oA7MMRxTVzo-unsplash-scaled.jpg\u00a0\u00bb global_colors_info=\u00a0\u00bb{}\u00a0\u00bb][et_pb_row _builder_version=\u00a0\u00bb4.25.2&Prime; _module_preset=\u00a0\u00bbdefault\u00a0\u00bb background_color=\u00a0\u00bbRGBA(255,255,255,0)\u00a0\u00bb width=\u00a0\u00bb98%\u00a0\u00bb max_width=\u00a0\u00bb900px\u00a0\u00bb border_radii=\u00a0\u00bbon|10px|10px|10px|10px\u00a0\u00bb border_width_all=\u00a0\u00bb2px\u00a0\u00bb border_color_all=\u00a0\u00bbRGBA(255,255,255,0)\u00a0\u00bb global_colors_info=\u00a0\u00bb{}\u00a0\u00bb][et_pb_column type=\u00a0\u00bb4_4&Prime; _builder_version=\u00a0\u00bb4.16&Prime; _module_preset=\u00a0\u00bbdefault\u00a0\u00bb global_colors_info=\u00a0\u00bb{}\u00a0\u00bb][et_pb_text _builder_version=\u00a0\u00bb4.27.4&Prime; _module_preset=\u00a0\u00bbdefault\u00a0\u00bb text_font=\u00a0\u00bb|700|||||||\u00a0\u00bb text_text_color=\u00a0\u00bb#225555&Prime; text_font_size=\u00a0\u00bb22px\u00a0\u00bb header_text_color=\u00a0\u00bb#225555&Prime; background_color=\u00a0\u00bbgcid-c7530698-717f-4069-b499-e67a0a16690c\u00a0\u00bb background_enable_color=\u00a0\u00bbon\u00a0\u00bb custom_margin=\u00a0\u00bb0px||3px||false|false\u00a0\u00bb custom_padding=\u00a0\u00bb10px||7px||false|false\u00a0\u00bb border_radii=\u00a0\u00bbon|8px|8px|8px|8px\u00a0\u00bb border_width_all=\u00a0\u00bb2px\u00a0\u00bb border_color_all=\u00a0\u00bb#50ED94&Prime; global_colors_info=\u00a0\u00bb{%22gcid-c7530698-717f-4069-b499-e67a0a16690c%22:%91%22background_color%22%93}\u00a0\u00bb]<\/p>\n<h3 style=\"text-align: center;\"><strong>Flash-info<\/strong><\/h3>\n<p style=\"text-align: center;\"><span style=\"font-size: medium;\">Les derni\u00e8res informations\u00a0 trouv\u00e9es sur Internet<\/span><\/p>\n<p>[\/et_pb_text][\/et_pb_column][\/et_pb_row][et_pb_row column_structure=\u00a0\u00bb1_2,1_2&Prime; use_custom_gutter=\u00a0\u00bbon\u00a0\u00bb gutter_width=\u00a0\u00bb4&Prime; make_equal=\u00a0\u00bbon\u00a0\u00bb _builder_version=\u00a0\u00bb4.24.2&Prime; _module_preset=\u00a0\u00bbdefault\u00a0\u00bb width=\u00a0\u00bb96%\u00a0\u00bb max_width=\u00a0\u00bb900px\u00a0\u00bb custom_margin=\u00a0\u00bb0px||60px||false|false\u00a0\u00bb global_colors_info=\u00a0\u00bb{}\u00a0\u00bb][et_pb_column type=\u00a0\u00bb1_2&Prime; _builder_version=\u00a0\u00bb4.23&Prime; _module_preset=\u00a0\u00bbdefault\u00a0\u00bb global_colors_info=\u00a0\u00bb{}\u00a0\u00bb][et_pb_cta title=\u00a0\u00bbFlash- mai 2026&Prime; button_url=\u00a0\u00bb@ET-DC@eyJkeW5hbWljIjp0cnVlLCJjb250ZW50IjoicG9zdF9saW5rX3VybF9hdHRhY2htZW50Iiwic2V0dGluZ3MiOnsicG9zdF9pZCI6IjQ3OTkifX0=@\u00a0\u00bb url_new_window=\u00a0\u00bbon\u00a0\u00bb button_text=\u00a0\u00bbVoir le pdf\u00a0\u00bb _builder_version=\u00a0\u00bb4.27.4&Prime; _dynamic_attributes=\u00a0\u00bbbutton_url\u00a0\u00bb _module_preset=\u00a0\u00bbdefault\u00a0\u00bb header_text_color=\u00a0\u00bb#225555&Prime; background_color=\u00a0\u00bbgcid-c7530698-717f-4069-b499-e67a0a16690c\u00a0\u00bb custom_button=\u00a0\u00bbon\u00a0\u00bb button_text_color=\u00a0\u00bb#000000&Prime; button_bg_color=\u00a0\u00bbRGBA(255,255,255,0)\u00a0\u00bb button_border_width=\u00a0\u00bb2px\u00a0\u00bb button_border_color=\u00a0\u00bb#225555&Prime; button_border_radius=\u00a0\u00bb8px\u00a0\u00bb button_font=\u00a0\u00bb|||on|||||\u00a0\u00bb button_icon=\u00a0\u00bb&#x3d;||divi||400&Prime; background_layout=\u00a0\u00bblight\u00a0\u00bb width=\u00a0\u00bb99.7%\u00a0\u00bb module_alignment=\u00a0\u00bbcenter\u00a0\u00bb min_height=\u00a0\u00bb542.8px\u00a0\u00bb custom_margin=\u00a0\u00bb|0px|-38px|0px|false|true\u00a0\u00bb link_option_url_new_window=\u00a0\u00bbon\u00a0\u00bb hover_enabled=\u00a0\u00bb0&Prime; border_radii=\u00a0\u00bbon|8px|8px|8px|8px\u00a0\u00bb border_width_all=\u00a0\u00bb2px\u00a0\u00bb border_color_all=\u00a0\u00bb#50ED94&Prime; locked=\u00a0\u00bboff\u00a0\u00bb global_colors_info=\u00a0\u00bb{%22gcid-c7530698-717f-4069-b499-e67a0a16690c%22:%91%22background_color%22,%22background_color%22%93,%22gcid-ad1367db-edc9-436f-adc4-c83df366a8e8%22:%91%22background_color%22%93}\u00a0\u00bb sticky_enabled=\u00a0\u00bb0&Prime;]<\/p>\n<p style=\"text-align: center;\">\n<p style=\"text-align: center;\"><img loading=\"lazy\" decoding=\"async\" src=\"https:\/\/clubmicronet.net\/wordpress\/wp-content\/uploads\/2026\/05\/Capture-decran-2026-05-12-132858-210x300.png\" width=\"210\" height=\"300\" alt=\"\" class=\"wp-image-4798 alignnone size-medium\" srcset=\"https:\/\/clubmicronet.net\/wordpress\/wp-content\/uploads\/2026\/05\/Capture-decran-2026-05-12-132858-210x300.png 210w, https:\/\/clubmicronet.net\/wordpress\/wp-content\/uploads\/2026\/05\/Capture-decran-2026-05-12-132858.png 469w\" sizes=\"(max-width: 210px) 100vw, 210px\" \/><\/p>\n<p>[\/et_pb_cta][\/et_pb_column][et_pb_column type=\u00a0\u00bb1_2&Prime; _builder_version=\u00a0\u00bb4.16&Prime; _module_preset=\u00a0\u00bbdefault\u00a0\u00bb global_colors_info=\u00a0\u00bb{}\u00a0\u00bb][et_pb_cta title=\u00a0\u00bbFlash- mars 2026&Prime; button_url=\u00a0\u00bb@ET-DC@eyJkeW5hbWljIjp0cnVlLCJjb250ZW50IjoicG9zdF9saW5rX3VybF9hdHRhY2htZW50Iiwic2V0dGluZ3MiOnsicG9zdF9pZCI6IjQ3NjgifX0=@\u00a0\u00bb url_new_window=\u00a0\u00bbon\u00a0\u00bb button_text=\u00a0\u00bbVoir le pdf\u00a0\u00bb _builder_version=\u00a0\u00bb4.27.4&Prime; _dynamic_attributes=\u00a0\u00bbbutton_url\u00a0\u00bb _module_preset=\u00a0\u00bbdefault\u00a0\u00bb header_text_color=\u00a0\u00bb#225555&Prime; background_color=\u00a0\u00bbgcid-c7530698-717f-4069-b499-e67a0a16690c\u00a0\u00bb custom_button=\u00a0\u00bbon\u00a0\u00bb button_text_color=\u00a0\u00bb#000000&Prime; button_bg_color=\u00a0\u00bbRGBA(255,255,255,0)\u00a0\u00bb button_border_width=\u00a0\u00bb2px\u00a0\u00bb button_border_color=\u00a0\u00bb#225555&Prime; button_border_radius=\u00a0\u00bb8px\u00a0\u00bb button_font=\u00a0\u00bb|||on|||||\u00a0\u00bb button_icon=\u00a0\u00bb&#x3d;||divi||400&Prime; background_layout=\u00a0\u00bblight\u00a0\u00bb width=\u00a0\u00bb99.7%\u00a0\u00bb module_alignment=\u00a0\u00bbcenter\u00a0\u00bb min_height=\u00a0\u00bb542.8px\u00a0\u00bb custom_margin=\u00a0\u00bb|0px|-38px|0px|false|true\u00a0\u00bb link_option_url_new_window=\u00a0\u00bbon\u00a0\u00bb border_radii=\u00a0\u00bbon|8px|8px|8px|8px\u00a0\u00bb border_width_all=\u00a0\u00bb2px\u00a0\u00bb border_color_all=\u00a0\u00bb#50ED94&Prime; locked=\u00a0\u00bboff\u00a0\u00bb global_colors_info=\u00a0\u00bb{%22gcid-c7530698-717f-4069-b499-e67a0a16690c%22:%91%22background_color%22,%22background_color%22%93,%22gcid-ad1367db-edc9-436f-adc4-c83df366a8e8%22:%91%22background_color%22%93}\u00a0\u00bb]<\/p>\n<p style=\"text-align: center;\"><img loading=\"lazy\" decoding=\"async\" src=\"https:\/\/clubmicronet.net\/wordpress\/wp-content\/uploads\/2026\/03\/flash-Info-mars-2026.png-211x300.jpg\" width=\"211\" height=\"300\" alt=\"\" class=\"wp-image-4769 alignnone size-medium\" srcset=\"https:\/\/clubmicronet.net\/wordpress\/wp-content\/uploads\/2026\/03\/flash-Info-mars-2026.png-211x300.jpg 211w, https:\/\/clubmicronet.net\/wordpress\/wp-content\/uploads\/2026\/03\/flash-Info-mars-2026.png.jpg 396w\" sizes=\"(max-width: 211px) 100vw, 211px\" \/><\/p>\n<p>[\/et_pb_cta][\/et_pb_column][\/et_pb_row][et_pb_row _builder_version=\u00a0\u00bb4.27.4&Prime; _module_preset=\u00a0\u00bbdefault\u00a0\u00bb background_color=\u00a0\u00bbRGBA(255,255,255,0)\u00a0\u00bb width=\u00a0\u00bb98%\u00a0\u00bb max_width=\u00a0\u00bb900px\u00a0\u00bb custom_margin=\u00a0\u00bb-15px||||false|false\u00a0\u00bb custom_margin_tablet=\u00a0\u00bb0px||||false|false\u00a0\u00bb custom_margin_phone=\u00a0\u00bb0px||||false|false\u00a0\u00bb custom_margin_last_edited=\u00a0\u00bbon|tablet\u00a0\u00bb border_radii=\u00a0\u00bbon|10px|10px|10px|10px\u00a0\u00bb border_color_all=\u00a0\u00bb#50ED94&Prime; global_colors_info=\u00a0\u00bb{}\u00a0\u00bb][et_pb_column type=\u00a0\u00bb4_4&Prime; _builder_version=\u00a0\u00bb4.24.2&Prime; _module_preset=\u00a0\u00bbdefault\u00a0\u00bb global_colors_info=\u00a0\u00bb{}\u00a0\u00bb][et_pb_cta title=\u00a0\u00bbLes archives de nos Flash-info\u00a0\u00bb button_url=\u00a0\u00bb@ET-DC@eyJkeW5hbWljIjp0cnVlLCJjb250ZW50IjoicG9zdF9saW5rX3VybF9wYWdlIiwic2V0dGluZ3MiOnsicG9zdF9pZCI6IjM5ODAifX0=@\u00a0\u00bb url_new_window=\u00a0\u00bbon\u00a0\u00bb button_text=\u00a0\u00bbVoir les archives\u00a0\u00bb _builder_version=\u00a0\u00bb4.27.4&Prime; _dynamic_attributes=\u00a0\u00bbbutton_url\u00a0\u00bb _module_preset=\u00a0\u00bbdefault\u00a0\u00bb header_text_color=\u00a0\u00bb#225555&Prime; background_color=\u00a0\u00bbgcid-c7530698-717f-4069-b499-e67a0a16690c\u00a0\u00bb custom_button=\u00a0\u00bbon\u00a0\u00bb button_text_color=\u00a0\u00bb#000000&Prime; button_bg_color=\u00a0\u00bbRGBA(255,255,255,0)\u00a0\u00bb button_border_width=\u00a0\u00bb2px\u00a0\u00bb button_border_color=\u00a0\u00bb#225555&Prime; button_border_radius=\u00a0\u00bb8px\u00a0\u00bb button_font=\u00a0\u00bb|||on|||||\u00a0\u00bb button_icon=\u00a0\u00bb&#x3d;||divi||400&Prime; background_layout=\u00a0\u00bblight\u00a0\u00bb width=\u00a0\u00bb99.7%\u00a0\u00bb module_alignment=\u00a0\u00bbcenter\u00a0\u00bb min_height=\u00a0\u00bb180px\u00a0\u00bb max_height=\u00a0\u00bb1000px\u00a0\u00bb custom_margin=\u00a0\u00bb|0px|0px|0px|false|true\u00a0\u00bb custom_margin_tablet=\u00a0\u00bb0px||0px||false|true\u00a0\u00bb custom_margin_phone=\u00a0\u00bb0px||0px||false|true\u00a0\u00bb custom_margin_last_edited=\u00a0\u00bbon|tablet\u00a0\u00bb border_radii=\u00a0\u00bbon|8px|8px|8px|8px\u00a0\u00bb border_width_all=\u00a0\u00bb2px\u00a0\u00bb border_color_all=\u00a0\u00bb#50ED94&Prime; global_colors_info=\u00a0\u00bb{%22gcid-c7530698-717f-4069-b499-e67a0a16690c%22:%91%22background_color%22%93,%22gcid-ad1367db-edc9-436f-adc4-c83df366a8e8%22:%91%22background_color%22%93}\u00a0\u00bb][\/et_pb_cta][\/et_pb_column][\/et_pb_row][\/et_pb_section]<\/p>\n","protected":false},"excerpt":{"rendered":"<p>Flash-info Les derni\u00e8res informations\u00a0 trouv\u00e9es sur Internet<\/p>\n","protected":false},"author":1,"featured_media":0,"parent":0,"menu_order":0,"comment_status":"closed","ping_status":"closed","template":"","meta":{"_et_pb_use_builder":"on","_et_pb_old_content":"","_et_gb_content_width":"","footnotes":""},"class_list":["post-1167","page","type-page","status-publish","hentry"],"yoast_head":"<!-- This site is optimized with the Yoast SEO plugin v27.6 - https:\/\/yoast.com\/product\/yoast-seo-wordpress\/ -->\n<title>Flash-Info - Club Informatique Micronet Vincennes<\/title>\n<meta name=\"robots\" content=\"index, follow, max-snippet:-1, max-image-preview:large, max-video-preview:-1\" \/>\n<link rel=\"canonical\" href=\"https:\/\/clubmicronet.net\/wordpress\/flash-info-3\/\" \/>\n<meta property=\"og:locale\" content=\"fr_FR\" \/>\n<meta property=\"og:type\" content=\"article\" \/>\n<meta property=\"og:title\" content=\"Flash-Info - Club Informatique Micronet Vincennes\" \/>\n<meta property=\"og:description\" content=\"Flash-info Les derni\u00e8res informations\u00a0 trouv\u00e9es sur Internet\" \/>\n<meta property=\"og:url\" content=\"https:\/\/clubmicronet.net\/wordpress\/flash-info-3\/\" \/>\n<meta property=\"og:site_name\" content=\"Club Informatique Micronet Vincennes\" \/>\n<meta property=\"article:publisher\" content=\"https:\/\/www.facebook.com\/ClubMicronetVincennes\/\" \/>\n<meta property=\"article:modified_time\" content=\"2026-05-12T11:38:06+00:00\" \/>\n<meta property=\"og:image\" content=\"https:\/\/clubmicronet.net\/wordpress\/wp-content\/uploads\/2026\/05\/Capture-decran-2026-05-12-132858.png\" \/>\n\t<meta property=\"og:image:width\" content=\"469\" \/>\n\t<meta property=\"og:image:height\" content=\"670\" \/>\n\t<meta property=\"og:image:type\" content=\"image\/png\" \/>\n<meta name=\"twitter:card\" content=\"summary_large_image\" \/>\n<meta name=\"twitter:label1\" content=\"Dur\u00e9e de lecture estim\u00e9e\" \/>\n\t<meta name=\"twitter:data1\" content=\"1 minute\" \/>\n<script type=\"application\/ld+json\" class=\"yoast-schema-graph\">{\"@context\":\"https:\\\/\\\/schema.org\",\"@graph\":[{\"@type\":\"WebPage\",\"@id\":\"https:\\\/\\\/clubmicronet.net\\\/wordpress\\\/flash-info-3\\\/\",\"url\":\"https:\\\/\\\/clubmicronet.net\\\/wordpress\\\/flash-info-3\\\/\",\"name\":\"Flash-Info - Club Informatique Micronet Vincennes\",\"isPartOf\":{\"@id\":\"https:\\\/\\\/clubmicronet.net\\\/wordpress\\\/#website\"},\"primaryImageOfPage\":{\"@id\":\"https:\\\/\\\/clubmicronet.net\\\/wordpress\\\/flash-info-3\\\/#primaryimage\"},\"image\":{\"@id\":\"https:\\\/\\\/clubmicronet.net\\\/wordpress\\\/flash-info-3\\\/#primaryimage\"},\"thumbnailUrl\":\"https:\\\/\\\/clubmicronet.net\\\/wordpress\\\/wp-content\\\/uploads\\\/2026\\\/05\\\/Capture-decran-2026-05-12-132858-210x300.png\",\"datePublished\":\"2021-05-08T12:21:05+00:00\",\"dateModified\":\"2026-05-12T11:38:06+00:00\",\"breadcrumb\":{\"@id\":\"https:\\\/\\\/clubmicronet.net\\\/wordpress\\\/flash-info-3\\\/#breadcrumb\"},\"inLanguage\":\"fr-FR\",\"potentialAction\":[{\"@type\":\"ReadAction\",\"target\":[\"https:\\\/\\\/clubmicronet.net\\\/wordpress\\\/flash-info-3\\\/\"]}]},{\"@type\":\"ImageObject\",\"inLanguage\":\"fr-FR\",\"@id\":\"https:\\\/\\\/clubmicronet.net\\\/wordpress\\\/flash-info-3\\\/#primaryimage\",\"url\":\"https:\\\/\\\/clubmicronet.net\\\/wordpress\\\/wp-content\\\/uploads\\\/2026\\\/05\\\/Capture-decran-2026-05-12-132858.png\",\"contentUrl\":\"https:\\\/\\\/clubmicronet.net\\\/wordpress\\\/wp-content\\\/uploads\\\/2026\\\/05\\\/Capture-decran-2026-05-12-132858.png\",\"width\":469,\"height\":670},{\"@type\":\"BreadcrumbList\",\"@id\":\"https:\\\/\\\/clubmicronet.net\\\/wordpress\\\/flash-info-3\\\/#breadcrumb\",\"itemListElement\":[{\"@type\":\"ListItem\",\"position\":1,\"name\":\"Accueil\",\"item\":\"https:\\\/\\\/clubmicronet.net\\\/wordpress\\\/\"},{\"@type\":\"ListItem\",\"position\":2,\"name\":\"Flash-Info\"}]},{\"@type\":\"WebSite\",\"@id\":\"https:\\\/\\\/clubmicronet.net\\\/wordpress\\\/#website\",\"url\":\"https:\\\/\\\/clubmicronet.net\\\/wordpress\\\/\",\"name\":\"Club Informatique Micronet Vincennes\",\"description\":\"Le Club d&#039;informatique \u00e0 Vincennes, anim\u00e9 par des b\u00e9n\u00e9voles, vous accueille dans une atmosph\u00e8re conviviale, vous aide \u00e0 d\u00e9finir et atteindre vos objectifs dans le domaine de l\u2019informatique.\",\"publisher\":{\"@id\":\"https:\\\/\\\/clubmicronet.net\\\/wordpress\\\/#organization\"},\"potentialAction\":[{\"@type\":\"SearchAction\",\"target\":{\"@type\":\"EntryPoint\",\"urlTemplate\":\"https:\\\/\\\/clubmicronet.net\\\/wordpress\\\/?s={search_term_string}\"},\"query-input\":{\"@type\":\"PropertyValueSpecification\",\"valueRequired\":true,\"valueName\":\"search_term_string\"}}],\"inLanguage\":\"fr-FR\"},{\"@type\":\"Organization\",\"@id\":\"https:\\\/\\\/clubmicronet.net\\\/wordpress\\\/#organization\",\"name\":\"Club Micronet Vincennes\",\"url\":\"https:\\\/\\\/clubmicronet.net\\\/wordpress\\\/\",\"logo\":{\"@type\":\"ImageObject\",\"inLanguage\":\"fr-FR\",\"@id\":\"https:\\\/\\\/clubmicronet.net\\\/wordpress\\\/#\\\/schema\\\/logo\\\/image\\\/\",\"url\":\"https:\\\/\\\/clubmicronet.net\\\/wordpress\\\/wp-content\\\/uploads\\\/2021\\\/05\\\/logo-club.jpg\",\"contentUrl\":\"https:\\\/\\\/clubmicronet.net\\\/wordpress\\\/wp-content\\\/uploads\\\/2021\\\/05\\\/logo-club.jpg\",\"width\":217,\"height\":214,\"caption\":\"Club Micronet Vincennes\"},\"image\":{\"@id\":\"https:\\\/\\\/clubmicronet.net\\\/wordpress\\\/#\\\/schema\\\/logo\\\/image\\\/\"},\"sameAs\":[\"https:\\\/\\\/www.facebook.com\\\/ClubMicronetVincennes\\\/\"]}]}<\/script>\n<!-- \/ Yoast SEO plugin. -->","yoast_head_json":{"title":"Flash-Info - Club Informatique Micronet Vincennes","robots":{"index":"index","follow":"follow","max-snippet":"max-snippet:-1","max-image-preview":"max-image-preview:large","max-video-preview":"max-video-preview:-1"},"canonical":"https:\/\/clubmicronet.net\/wordpress\/flash-info-3\/","og_locale":"fr_FR","og_type":"article","og_title":"Flash-Info - Club Informatique Micronet Vincennes","og_description":"Flash-info Les derni\u00e8res informations\u00a0 trouv\u00e9es sur Internet","og_url":"https:\/\/clubmicronet.net\/wordpress\/flash-info-3\/","og_site_name":"Club Informatique Micronet Vincennes","article_publisher":"https:\/\/www.facebook.com\/ClubMicronetVincennes\/","article_modified_time":"2026-05-12T11:38:06+00:00","og_image":[{"width":469,"height":670,"url":"https:\/\/clubmicronet.net\/wordpress\/wp-content\/uploads\/2026\/05\/Capture-decran-2026-05-12-132858.png","type":"image\/png"}],"twitter_card":"summary_large_image","twitter_misc":{"Dur\u00e9e de lecture estim\u00e9e":"1 minute"},"schema":{"@context":"https:\/\/schema.org","@graph":[{"@type":"WebPage","@id":"https:\/\/clubmicronet.net\/wordpress\/flash-info-3\/","url":"https:\/\/clubmicronet.net\/wordpress\/flash-info-3\/","name":"Flash-Info - Club Informatique Micronet Vincennes","isPartOf":{"@id":"https:\/\/clubmicronet.net\/wordpress\/#website"},"primaryImageOfPage":{"@id":"https:\/\/clubmicronet.net\/wordpress\/flash-info-3\/#primaryimage"},"image":{"@id":"https:\/\/clubmicronet.net\/wordpress\/flash-info-3\/#primaryimage"},"thumbnailUrl":"https:\/\/clubmicronet.net\/wordpress\/wp-content\/uploads\/2026\/05\/Capture-decran-2026-05-12-132858-210x300.png","datePublished":"2021-05-08T12:21:05+00:00","dateModified":"2026-05-12T11:38:06+00:00","breadcrumb":{"@id":"https:\/\/clubmicronet.net\/wordpress\/flash-info-3\/#breadcrumb"},"inLanguage":"fr-FR","potentialAction":[{"@type":"ReadAction","target":["https:\/\/clubmicronet.net\/wordpress\/flash-info-3\/"]}]},{"@type":"ImageObject","inLanguage":"fr-FR","@id":"https:\/\/clubmicronet.net\/wordpress\/flash-info-3\/#primaryimage","url":"https:\/\/clubmicronet.net\/wordpress\/wp-content\/uploads\/2026\/05\/Capture-decran-2026-05-12-132858.png","contentUrl":"https:\/\/clubmicronet.net\/wordpress\/wp-content\/uploads\/2026\/05\/Capture-decran-2026-05-12-132858.png","width":469,"height":670},{"@type":"BreadcrumbList","@id":"https:\/\/clubmicronet.net\/wordpress\/flash-info-3\/#breadcrumb","itemListElement":[{"@type":"ListItem","position":1,"name":"Accueil","item":"https:\/\/clubmicronet.net\/wordpress\/"},{"@type":"ListItem","position":2,"name":"Flash-Info"}]},{"@type":"WebSite","@id":"https:\/\/clubmicronet.net\/wordpress\/#website","url":"https:\/\/clubmicronet.net\/wordpress\/","name":"Club Informatique Micronet Vincennes","description":"Le Club d&#039;informatique \u00e0 Vincennes, anim\u00e9 par des b\u00e9n\u00e9voles, vous accueille dans une atmosph\u00e8re conviviale, vous aide \u00e0 d\u00e9finir et atteindre vos objectifs dans le domaine de l\u2019informatique.","publisher":{"@id":"https:\/\/clubmicronet.net\/wordpress\/#organization"},"potentialAction":[{"@type":"SearchAction","target":{"@type":"EntryPoint","urlTemplate":"https:\/\/clubmicronet.net\/wordpress\/?s={search_term_string}"},"query-input":{"@type":"PropertyValueSpecification","valueRequired":true,"valueName":"search_term_string"}}],"inLanguage":"fr-FR"},{"@type":"Organization","@id":"https:\/\/clubmicronet.net\/wordpress\/#organization","name":"Club Micronet Vincennes","url":"https:\/\/clubmicronet.net\/wordpress\/","logo":{"@type":"ImageObject","inLanguage":"fr-FR","@id":"https:\/\/clubmicronet.net\/wordpress\/#\/schema\/logo\/image\/","url":"https:\/\/clubmicronet.net\/wordpress\/wp-content\/uploads\/2021\/05\/logo-club.jpg","contentUrl":"https:\/\/clubmicronet.net\/wordpress\/wp-content\/uploads\/2021\/05\/logo-club.jpg","width":217,"height":214,"caption":"Club Micronet Vincennes"},"image":{"@id":"https:\/\/clubmicronet.net\/wordpress\/#\/schema\/logo\/image\/"},"sameAs":["https:\/\/www.facebook.com\/ClubMicronetVincennes\/"]}]}},"_links":{"self":[{"href":"https:\/\/clubmicronet.net\/wordpress\/wp-json\/wp\/v2\/pages\/1167","targetHints":{"allow":["GET"]}}],"collection":[{"href":"https:\/\/clubmicronet.net\/wordpress\/wp-json\/wp\/v2\/pages"}],"about":[{"href":"https:\/\/clubmicronet.net\/wordpress\/wp-json\/wp\/v2\/types\/page"}],"author":[{"embeddable":true,"href":"https:\/\/clubmicronet.net\/wordpress\/wp-json\/wp\/v2\/users\/1"}],"replies":[{"embeddable":true,"href":"https:\/\/clubmicronet.net\/wordpress\/wp-json\/wp\/v2\/comments?post=1167"}],"version-history":[{"count":120,"href":"https:\/\/clubmicronet.net\/wordpress\/wp-json\/wp\/v2\/pages\/1167\/revisions"}],"predecessor-version":[{"id":4800,"href":"https:\/\/clubmicronet.net\/wordpress\/wp-json\/wp\/v2\/pages\/1167\/revisions\/4800"}],"wp:attachment":[{"href":"https:\/\/clubmicronet.net\/wordpress\/wp-json\/wp\/v2\/media?parent=1167"}],"curies":[{"name":"wp","href":"https:\/\/api.w.org\/{rel}","templated":true}]}}