{"id":2500,"date":"2021-07-21T11:02:46","date_gmt":"2021-07-21T09:02:46","guid":{"rendered":"https:\/\/clubmicronet.net\/wordpress\/?page_id=2500"},"modified":"2026-03-18T08:20:48","modified_gmt":"2026-03-18T07:20:48","slug":"liens","status":"publish","type":"page","link":"https:\/\/clubmicronet.net\/wordpress\/liens\/","title":{"rendered":"liens"},"content":{"rendered":"<p>[et_pb_section fb_built=\u00a0\u00bb1&Prime; _builder_version=\u00a0\u00bb4.21.0&Prime; _module_preset=\u00a0\u00bbdefault\u00a0\u00bb background_color=\u00a0\u00bbRGBA(255,255,255,0)\u00a0\u00bb background_image=\u00a0\u00bbhttps:\/\/clubmicronet.net\/wordpress\/wp-content\/uploads\/2021\/04\/Clavier-blanc.jpg\u00a0\u00bb background_blend=\u00a0\u00bboverlay\u00a0\u00bb width=\u00a0\u00bb97%\u00a0\u00bb custom_margin=\u00a0\u00bb24px||||false|false\u00a0\u00bb filter_saturate=\u00a0\u00bb60%\u00a0\u00bb filter_brightness=\u00a0\u00bb90%\u00a0\u00bb filter_contrast=\u00a0\u00bb127%\u00a0\u00bb border_width_all=\u00a0\u00bb2px\u00a0\u00bb global_colors_info=\u00a0\u00bb{}\u00a0\u00bb][et_pb_row _builder_version=\u00a0\u00bb4.27.4&Prime; _module_preset=\u00a0\u00bbdefault\u00a0\u00bb background_color=\u00a0\u00bbgcid-c7530698-717f-4069-b499-e67a0a16690c\u00a0\u00bb width=\u00a0\u00bb100%\u00a0\u00bb max_width=\u00a0\u00bb1160px\u00a0\u00bb module_alignment=\u00a0\u00bbcenter\u00a0\u00bb custom_margin=\u00a0\u00bb29px|9px|29px|9px|true|false\u00a0\u00bb custom_padding=\u00a0\u00bb0px||0px||false|false\u00a0\u00bb hover_enabled=\u00a0\u00bb0&Prime; background_last_edited=\u00a0\u00bbon|phone\u00a0\u00bb border_radii=\u00a0\u00bbon|9px|9px|9px|9px\u00a0\u00bb border_width_all=\u00a0\u00bb2px\u00a0\u00bb border_color_all=\u00a0\u00bbgcid-heading-color\u00a0\u00bb global_colors_info=\u00a0\u00bb{%22gcid-heading-color%22:%91%22border_color_all%22%93,%22gcid-c7530698-717f-4069-b499-e67a0a16690c%22:%91%22background_color%22%93}\u00a0\u00bb sticky_enabled=\u00a0\u00bb0&Prime;][et_pb_column type=\u00a0\u00bb4_4&Prime; _builder_version=\u00a0\u00bb4.16&Prime; _module_preset=\u00a0\u00bbdefault\u00a0\u00bb global_colors_info=\u00a0\u00bb{}\u00a0\u00bb][et_pb_text _builder_version=\u00a0\u00bb4.27.4&Prime; _module_preset=\u00a0\u00bbdefault\u00a0\u00bb text_font=\u00a0\u00bb||||||||\u00a0\u00bb text_font_size=\u00a0\u00bb13px\u00a0\u00bb text_line_height=\u00a0\u00bb1.2em\u00a0\u00bb background_color=\u00a0\u00bbRGBA(255,255,255,0)\u00a0\u00bb background_enable_color=\u00a0\u00bbon\u00a0\u00bb background_layout=\u00a0\u00bbdark\u00a0\u00bb width=\u00a0\u00bb100%\u00a0\u00bb max_width=\u00a0\u00bb100%\u00a0\u00bb module_alignment=\u00a0\u00bbcenter\u00a0\u00bb custom_margin=\u00a0\u00bb30px|||0px|false|false\u00a0\u00bb custom_padding=\u00a0\u00bb20px|21px|0px|21px|false|true\u00a0\u00bb filter_contrast=\u00a0\u00bb106%\u00a0\u00bb hover_enabled=\u00a0\u00bb0&Prime; border_color_all=\u00a0\u00bb#225555&Prime; global_colors_info=\u00a0\u00bb{}\u00a0\u00bb sticky_enabled=\u00a0\u00bb0&Prime;]<\/p>\n<h1 style=\"text-align: center;\"><span style=\"color: #000000;\">Les liens de nos animations et de nos principaux partenaires<\/span><\/h1>\n<p>&nbsp;<\/p>\n<p>[\/et_pb_text][\/et_pb_column][\/et_pb_row][et_pb_row use_custom_gutter=\u00a0\u00bbon\u00a0\u00bb gutter_width=\u00a0\u00bb2&Prime; _builder_version=\u00a0\u00bb4.27.4&Prime; _module_preset=\u00a0\u00bbdefault\u00a0\u00bb background_color=\u00a0\u00bbgcid-c7530698-717f-4069-b499-e67a0a16690c\u00a0\u00bb width=\u00a0\u00bb100%\u00a0\u00bb max_width=\u00a0\u00bb1160px\u00a0\u00bb module_alignment=\u00a0\u00bbcenter\u00a0\u00bb custom_margin=\u00a0\u00bb30px|9px|30px|9px|true|false\u00a0\u00bb custom_padding=\u00a0\u00bb0px||0px||false|false\u00a0\u00bb hover_enabled=\u00a0\u00bb0&Prime; background_last_edited=\u00a0\u00bbon|phone\u00a0\u00bb border_radii=\u00a0\u00bbon|8px|8px|8px|8px\u00a0\u00bb border_width_all=\u00a0\u00bb3px\u00a0\u00bb border_color_all=\u00a0\u00bbgcid-heading-color\u00a0\u00bb global_colors_info=\u00a0\u00bb{%22gcid-heading-color%22:%91%22border_color_all%22%93,%22gcid-c7530698-717f-4069-b499-e67a0a16690c%22:%91%22background_color%22%93}\u00a0\u00bb sticky_enabled=\u00a0\u00bb0&Prime;][et_pb_column type=\u00a0\u00bb4_4&Prime; _builder_version=\u00a0\u00bb4.27.4&Prime; _module_preset=\u00a0\u00bbdefault\u00a0\u00bb global_colors_info=\u00a0\u00bb{}\u00a0\u00bb][et_pb_text _builder_version=\u00a0\u00bb4.27.4&Prime; _module_preset=\u00a0\u00bbdefault\u00a0\u00bb text_font_size=\u00a0\u00bb33px\u00a0\u00bb quote_text_align=\u00a0\u00bbcenter\u00a0\u00bb text_orientation=\u00a0\u00bbcenter\u00a0\u00bb width=\u00a0\u00bb100%\u00a0\u00bb min_height=\u00a0\u00bb78.8px\u00a0\u00bb custom_margin=\u00a0\u00bb30px||30px||true|false\u00a0\u00bb custom_padding=\u00a0\u00bb0px||||false|false\u00a0\u00bb link_option_url=\u00a0\u00bbhttp:\/\/micronet-smart.over-blog.com\/\u00a0\u00bb link_option_url_new_window=\u00a0\u00bbon\u00a0\u00bb hover_enabled=\u00a0\u00bb0&Prime; global_colors_info=\u00a0\u00bb{}\u00a0\u00bb background_color=\u00a0\u00bbRGBA(255,255,255,0)\u00a0\u00bb background_enable_color=\u00a0\u00bbon\u00a0\u00bb sticky_enabled=\u00a0\u00bb0&Prime;]<\/p>\n<p>Smartphone, Tablette , Objets connect\u00e9s<\/p>\n<p>[\/et_pb_text][et_pb_text _builder_version=\u00a0\u00bb4.27.4&Prime; _module_preset=\u00a0\u00bbdefault\u00a0\u00bb width=\u00a0\u00bb23.2%\u00a0\u00bb max_width=\u00a0\u00bb100%\u00a0\u00bb module_alignment=\u00a0\u00bbcenter\u00a0\u00bb custom_margin=\u00a0\u00bb-24px|552px|22px|526px|false|false\u00a0\u00bb custom_padding=\u00a0\u00bb0px|||||\u00a0\u00bb link_option_url=\u00a0\u00bbhttp:\/\/micronet-smart.over-blog.com\/\u00a0\u00bb link_option_url_new_window=\u00a0\u00bbon\u00a0\u00bb border_radii=\u00a0\u00bbon|9px|9px|9px|9px\u00a0\u00bb border_width_all=\u00a0\u00bb2px\u00a0\u00bb global_colors_info=\u00a0\u00bb{}\u00a0\u00bb]<\/p>\n<p style=\"text-align: center;\"><img loading=\"lazy\" decoding=\"async\" src=\"https:\/\/clubmicronet.net\/wordpress\/wp-content\/uploads\/2023\/07\/IOS-ANDROID5.png\" width=\"300\" height=\"242\" alt=\"\" class=\"wp-image-3667 alignnone size-full\" \/><\/p>\n<p>[\/et_pb_text][\/et_pb_column][\/et_pb_row][et_pb_row column_structure=\u00a0\u00bb1_3,1_3,1_3&Prime; _builder_version=\u00a0\u00bb4.27.4&Prime; _module_preset=\u00a0\u00bbdefault\u00a0\u00bb width=\u00a0\u00bb100%\u00a0\u00bb max_width=\u00a0\u00bb1160px\u00a0\u00bb module_alignment=\u00a0\u00bbcenter\u00a0\u00bb custom_margin=\u00a0\u00bb29px|9px|29px|9px|true|false\u00a0\u00bb custom_padding=\u00a0\u00bb0px||0px||false|false\u00a0\u00bb border_radii=\u00a0\u00bbon|9px|9px|9px|9px\u00a0\u00bb border_width_all=\u00a0\u00bb2px\u00a0\u00bb border_color_all=\u00a0\u00bbgcid-heading-color\u00a0\u00bb sticky_enabled=\u00a0\u00bb0&Prime; global_colors_info=\u00a0\u00bb{%22gcid-heading-color%22:%91%22border_color_all%22,%22border_color_all%22%93,%22gcid-c7530698-717f-4069-b499-e67a0a16690c%22:%91%22background_color%22%93}\u00a0\u00bb background_color=\u00a0\u00bbgcid-c7530698-717f-4069-b499-e67a0a16690c\u00a0\u00bb background_last_edited=\u00a0\u00bbon|phone\u00a0\u00bb][et_pb_column type=\u00a0\u00bb1_3&Prime; _builder_version=\u00a0\u00bb4.16&Prime; _module_preset=\u00a0\u00bbdefault\u00a0\u00bb global_colors_info=\u00a0\u00bb{}\u00a0\u00bb][et_pb_text _builder_version=\u00a0\u00bb4.21.0&Prime; _module_preset=\u00a0\u00bbdefault\u00a0\u00bb global_colors_info=\u00a0\u00bb{}\u00a0\u00bb]<\/p>\n<p style=\"text-align: center;\"><img loading=\"lazy\" decoding=\"async\" src=\"https:\/\/clubmicronet.net\/wordpress\/wp-content\/uploads\/2023\/06\/logo_sorano-2.png\" width=\"130\" height=\"218\" alt=\"\" class=\"wp-image-3419 alignnone size-full\" \/><\/p>\n<p>[\/et_pb_text][\/et_pb_column][et_pb_column type=\u00a0\u00bb1_3&Prime; _builder_version=\u00a0\u00bb4.16&Prime; _module_preset=\u00a0\u00bbdefault\u00a0\u00bb global_colors_info=\u00a0\u00bb{}\u00a0\u00bb][et_pb_text _builder_version=\u00a0\u00bb4.21.0&Prime; _module_preset=\u00a0\u00bbdefault\u00a0\u00bb background_color=\u00a0\u00bbRGBA(255,255,255,0)\u00a0\u00bb background_enable_color=\u00a0\u00bbon\u00a0\u00bb custom_margin=\u00a0\u00bb76px||||false|false\u00a0\u00bb custom_padding=\u00a0\u00bb8px||||false|false\u00a0\u00bb link_option_url=\u00a0\u00bbhttps:\/\/www.vincennes.fr\/\u00a0\u00bb border_radii=\u00a0\u00bbon|8px|8px|8px|8px\u00a0\u00bb border_color_all=\u00a0\u00bb#50ED94&Prime; global_colors_info=\u00a0\u00bb{}\u00a0\u00bb]<\/p>\n<p style=\"text-align: center;\"><img loading=\"lazy\" decoding=\"async\" src=\"https:\/\/clubmicronet.net\/wordpress\/wp-content\/uploads\/2023\/06\/Ville-de-Vincennes.png\" width=\"300\" height=\"61\" alt=\"\" class=\"wp-image-3407 alignnone size-full\" \/><\/p>\n<p>[\/et_pb_text][\/et_pb_column][et_pb_column type=\u00a0\u00bb1_3&Prime; _builder_version=\u00a0\u00bb4.16&Prime; _module_preset=\u00a0\u00bbdefault\u00a0\u00bb global_colors_info=\u00a0\u00bb{}\u00a0\u00bb][et_pb_text _builder_version=\u00a0\u00bb4.16&Prime; _module_preset=\u00a0\u00bbdefault\u00a0\u00bb background_color=\u00a0\u00bbRGBA(0,0,0,0)\u00a0\u00bb background_enable_color=\u00a0\u00bbon\u00a0\u00bb custom_margin=\u00a0\u00bb35px||||false|false\u00a0\u00bb link_option_url=\u00a0\u00bbhttps:\/\/www.apf-francehandicap.org\/\u00a0\u00bb link_option_url_new_window=\u00a0\u00bbon\u00a0\u00bb border_radii=\u00a0\u00bbon|8px|8px|8px|8px\u00a0\u00bb global_colors_info=\u00a0\u00bb{}\u00a0\u00bb]<\/p>\n<p><a href=\"https:\/\/www.apf-francehandicap.org\/\" target=\"_blank\" rel=\"noopener\" title=\"voir le site !\"><img loading=\"lazy\" decoding=\"async\" src=\"https:\/\/clubmicronet.net\/wordpress\/wp-content\/uploads\/2021\/07\/logo-apf-150x150.jpg\" width=\"175\" height=\"175\" alt=\"\" class=\"wp-image-2509 alignnone size-thumbnail\" style=\"display: block; margin-left: auto; margin-right: auto;\" srcset=\"https:\/\/clubmicronet.net\/wordpress\/wp-content\/uploads\/2021\/07\/logo-apf-150x150.jpg 150w, https:\/\/clubmicronet.net\/wordpress\/wp-content\/uploads\/2021\/07\/logo-apf-300x300.jpg 300w, https:\/\/clubmicronet.net\/wordpress\/wp-content\/uploads\/2021\/07\/logo-apf.jpg 350w\" sizes=\"(max-width: 175px) 100vw, 175px\" \/><\/a><\/p>\n<p>[\/et_pb_text][\/et_pb_column][\/et_pb_row][et_pb_row column_structure=\u00a0\u00bb1_2,1_2&Prime; _builder_version=\u00a0\u00bb4.27.4&Prime; _module_preset=\u00a0\u00bbdefault\u00a0\u00bb width=\u00a0\u00bb100%\u00a0\u00bb max_width=\u00a0\u00bb1160px\u00a0\u00bb module_alignment=\u00a0\u00bbcenter\u00a0\u00bb custom_margin=\u00a0\u00bb29px|9px|29px|9px|true|false\u00a0\u00bb custom_padding=\u00a0\u00bb0px||0px||false|false\u00a0\u00bb border_radii=\u00a0\u00bbon|9px|9px|9px|9px\u00a0\u00bb border_width_all=\u00a0\u00bb2px\u00a0\u00bb border_color_all=\u00a0\u00bbgcid-heading-color\u00a0\u00bb global_colors_info=\u00a0\u00bb{%22gcid-heading-color%22:%91%22border_color_all%22,%22border_color_all%22%93,%22gcid-c7530698-717f-4069-b499-e67a0a16690c%22:%91%22background_color%22%93}\u00a0\u00bb background_color=\u00a0\u00bbgcid-c7530698-717f-4069-b499-e67a0a16690c\u00a0\u00bb background_last_edited=\u00a0\u00bbon|phone\u00a0\u00bb][et_pb_column type=\u00a0\u00bb1_2&Prime; _builder_version=\u00a0\u00bb4.16&Prime; _module_preset=\u00a0\u00bbdefault\u00a0\u00bb global_colors_info=\u00a0\u00bb{}\u00a0\u00bb][et_pb_text _builder_version=\u00a0\u00bb4.21.0&Prime; _module_preset=\u00a0\u00bbdefault\u00a0\u00bb background_color=\u00a0\u00bbRGBA(255,255,255,0)\u00a0\u00bb background_enable_color=\u00a0\u00bbon\u00a0\u00bb custom_margin=\u00a0\u00bb51px||||false|false\u00a0\u00bb custom_padding=\u00a0\u00bb14px||||false|false\u00a0\u00bb link_option_url_new_window=\u00a0\u00bbon\u00a0\u00bb border_radii=\u00a0\u00bbon|8px|8px|8px|8px\u00a0\u00bb border_color_all=\u00a0\u00bb#225555&Prime; global_colors_info=\u00a0\u00bb{}\u00a0\u00bb]<\/p>\n<p style=\"text-align: center;\"><a title=\"Office de Tourisme Vincennes\" href=\"http:\/\/www.vincennes-tourisme.fr\/\" target=\"_blank\" rel=\"alternate noopener\"><img loading=\"lazy\" decoding=\"async\" src=\"https:\/\/clubmicronet.net\/wordpress\/wp-content\/uploads\/2023\/06\/Vincennes-destination.png\" width=\"300\" height=\"56\" alt=\"\" class=\"wp-image-3416 alignnone size-full\" \/><\/a><\/p>\n<p>[\/et_pb_text][\/et_pb_column][et_pb_column type=\u00a0\u00bb1_2&Prime; _builder_version=\u00a0\u00bb4.16&Prime; _module_preset=\u00a0\u00bbdefault\u00a0\u00bb global_colors_info=\u00a0\u00bb{}\u00a0\u00bb][et_pb_text _builder_version=\u00a0\u00bb4.21.0&Prime; _module_preset=\u00a0\u00bbdefault\u00a0\u00bb custom_margin=\u00a0\u00bb30px||||false|false\u00a0\u00bb custom_padding=\u00a0\u00bb||24px||false|false\u00a0\u00bb link_option_url=\u00a0\u00bbhttps:\/\/www.valdemarne.fr\/\u00a0\u00bb link_option_url_new_window=\u00a0\u00bbon\u00a0\u00bb global_colors_info=\u00a0\u00bb{}\u00a0\u00bb]<\/p>\n<p><a href=\"https:\/\/www.valdemarne.fr\/\" title=\"Voir le site\" target=\"_blank\" rel=\"noopener\"><img loading=\"lazy\" decoding=\"async\" src=\"https:\/\/clubmicronet.net\/wordpress\/wp-content\/uploads\/2021\/07\/Logo-94.jpg\" width=\"253\" height=\"146\" alt=\"\" class=\"wp-image-2511 alignnone size-full\" style=\"display: block; margin-left: auto; margin-right: auto;\" srcset=\"https:\/\/clubmicronet.net\/wordpress\/wp-content\/uploads\/2021\/07\/Logo-94.jpg 474w, https:\/\/clubmicronet.net\/wordpress\/wp-content\/uploads\/2021\/07\/Logo-94-300x173.jpg 300w\" sizes=\"(max-width: 253px) 100vw, 253px\" \/><\/a><\/p>\n<p>[\/et_pb_text][\/et_pb_column][\/et_pb_row][et_pb_row _builder_version=\u00a0\u00bb4.27.4&Prime; _module_preset=\u00a0\u00bbdefault\u00a0\u00bb width=\u00a0\u00bb100%\u00a0\u00bb max_width=\u00a0\u00bb1160px\u00a0\u00bb module_alignment=\u00a0\u00bbcenter\u00a0\u00bb custom_margin=\u00a0\u00bb29px|9px|29px|9px|true|false\u00a0\u00bb custom_padding=\u00a0\u00bb0px||0px||false|false\u00a0\u00bb border_radii=\u00a0\u00bbon|9px|9px|9px|9px\u00a0\u00bb border_width_all=\u00a0\u00bb2px\u00a0\u00bb border_color_all=\u00a0\u00bbgcid-heading-color\u00a0\u00bb global_colors_info=\u00a0\u00bb{%22gcid-heading-color%22:%91%22border_color_all%22,%22border_color_all%22%93,%22gcid-c7530698-717f-4069-b499-e67a0a16690c%22:%91%22background_color%22%93}\u00a0\u00bb background_color=\u00a0\u00bbgcid-c7530698-717f-4069-b499-e67a0a16690c\u00a0\u00bb background_last_edited=\u00a0\u00bbon|phone\u00a0\u00bb hover_enabled=\u00a0\u00bb0&Prime; sticky_enabled=\u00a0\u00bb0&Prime;][et_pb_column type=\u00a0\u00bb4_4&Prime; _builder_version=\u00a0\u00bb4.16&Prime; _module_preset=\u00a0\u00bbdefault\u00a0\u00bb global_colors_info=\u00a0\u00bb{}\u00a0\u00bb][et_pb_text _builder_version=\u00a0\u00bb4.27.4&Prime; _module_preset=\u00a0\u00bbdefault\u00a0\u00bb link_option_url=\u00a0\u00bbhttp:\/\/portail.microtel-clubs.fr\/\u00a0\u00bb link_option_url_new_window=\u00a0\u00bbon\u00a0\u00bb hover_enabled=\u00a0\u00bb0&Prime; global_colors_info=\u00a0\u00bb{}\u00a0\u00bb custom_margin=\u00a0\u00bb20px||20px||true|false\u00a0\u00bb sticky_enabled=\u00a0\u00bb0&Prime;]<\/p>\n<p style=\"text-align: center;\"><img loading=\"lazy\" decoding=\"async\" src=\"https:\/\/clubmicronet.net\/wordpress\/wp-content\/uploads\/2023\/06\/MICROTEL.png\" width=\"980\" height=\"131\" alt=\"\" class=\"wp-image-3414 alignnone size-full\" srcset=\"https:\/\/clubmicronet.net\/wordpress\/wp-content\/uploads\/2023\/06\/MICROTEL.png 980w, https:\/\/clubmicronet.net\/wordpress\/wp-content\/uploads\/2023\/06\/MICROTEL-480x64.png 480w\" sizes=\"(min-width: 0px) and (max-width: 480px) 480px, (min-width: 481px) 980px, 100vw\" \/><\/p>\n<p>[\/et_pb_text][\/et_pb_column][\/et_pb_row][\/et_pb_section]<\/p>\n","protected":false},"excerpt":{"rendered":"<p>Les liens de nos animations et de nos principaux partenaires &nbsp;Smartphone, Tablette , Objets connect\u00e9s<\/p>\n","protected":false},"author":1,"featured_media":0,"parent":0,"menu_order":0,"comment_status":"closed","ping_status":"closed","template":"","meta":{"_et_pb_use_builder":"on","_et_pb_old_content":"","_et_gb_content_width":"","footnotes":""},"class_list":["post-2500","page","type-page","status-publish","hentry"],"yoast_head":"<!-- This site is optimized with the Yoast SEO plugin v27.5 - https:\/\/yoast.com\/product\/yoast-seo-wordpress\/ -->\n<title>liens - Club Informatique Micronet Vincennes<\/title>\n<meta name=\"robots\" content=\"index, follow, max-snippet:-1, max-image-preview:large, max-video-preview:-1\" \/>\n<link rel=\"canonical\" href=\"https:\/\/clubmicronet.net\/wordpress\/liens\/\" \/>\n<meta property=\"og:locale\" content=\"fr_FR\" \/>\n<meta property=\"og:type\" content=\"article\" \/>\n<meta property=\"og:title\" content=\"liens - Club Informatique Micronet Vincennes\" \/>\n<meta property=\"og:description\" content=\"Les liens de nos animations et de nos principaux partenaires &nbsp;Smartphone, Tablette , Objets connect\u00e9s\" \/>\n<meta property=\"og:url\" content=\"https:\/\/clubmicronet.net\/wordpress\/liens\/\" \/>\n<meta property=\"og:site_name\" content=\"Club Informatique Micronet Vincennes\" \/>\n<meta property=\"article:publisher\" content=\"https:\/\/www.facebook.com\/ClubMicronetVincennes\/\" \/>\n<meta property=\"article:modified_time\" content=\"2026-03-18T07:20:48+00:00\" \/>\n<meta property=\"og:image\" content=\"https:\/\/clubmicronet.net\/wordpress\/wp-content\/uploads\/2023\/07\/IOS-ANDROID5.png\" \/>\n\t<meta property=\"og:image:width\" content=\"300\" \/>\n\t<meta property=\"og:image:height\" content=\"242\" \/>\n\t<meta property=\"og:image:type\" content=\"image\/png\" \/>\n<meta name=\"twitter:card\" content=\"summary_large_image\" \/>\n<meta name=\"twitter:label1\" content=\"Dur\u00e9e de lecture estim\u00e9e\" \/>\n\t<meta name=\"twitter:data1\" content=\"5 minutes\" \/>\n<script type=\"application\/ld+json\" class=\"yoast-schema-graph\">{\"@context\":\"https:\\\/\\\/schema.org\",\"@graph\":[{\"@type\":\"WebPage\",\"@id\":\"https:\\\/\\\/clubmicronet.net\\\/wordpress\\\/liens\\\/\",\"url\":\"https:\\\/\\\/clubmicronet.net\\\/wordpress\\\/liens\\\/\",\"name\":\"liens - Club Informatique Micronet Vincennes\",\"isPartOf\":{\"@id\":\"https:\\\/\\\/clubmicronet.net\\\/wordpress\\\/#website\"},\"primaryImageOfPage\":{\"@id\":\"https:\\\/\\\/clubmicronet.net\\\/wordpress\\\/liens\\\/#primaryimage\"},\"image\":{\"@id\":\"https:\\\/\\\/clubmicronet.net\\\/wordpress\\\/liens\\\/#primaryimage\"},\"thumbnailUrl\":\"https:\\\/\\\/clubmicronet.net\\\/wordpress\\\/wp-content\\\/uploads\\\/2023\\\/07\\\/IOS-ANDROID5.png\",\"datePublished\":\"2021-07-21T09:02:46+00:00\",\"dateModified\":\"2026-03-18T07:20:48+00:00\",\"breadcrumb\":{\"@id\":\"https:\\\/\\\/clubmicronet.net\\\/wordpress\\\/liens\\\/#breadcrumb\"},\"inLanguage\":\"fr-FR\",\"potentialAction\":[{\"@type\":\"ReadAction\",\"target\":[\"https:\\\/\\\/clubmicronet.net\\\/wordpress\\\/liens\\\/\"]}]},{\"@type\":\"ImageObject\",\"inLanguage\":\"fr-FR\",\"@id\":\"https:\\\/\\\/clubmicronet.net\\\/wordpress\\\/liens\\\/#primaryimage\",\"url\":\"https:\\\/\\\/clubmicronet.net\\\/wordpress\\\/wp-content\\\/uploads\\\/2023\\\/07\\\/IOS-ANDROID5.png\",\"contentUrl\":\"https:\\\/\\\/clubmicronet.net\\\/wordpress\\\/wp-content\\\/uploads\\\/2023\\\/07\\\/IOS-ANDROID5.png\",\"width\":300,\"height\":242},{\"@type\":\"BreadcrumbList\",\"@id\":\"https:\\\/\\\/clubmicronet.net\\\/wordpress\\\/liens\\\/#breadcrumb\",\"itemListElement\":[{\"@type\":\"ListItem\",\"position\":1,\"name\":\"Accueil\",\"item\":\"https:\\\/\\\/clubmicronet.net\\\/wordpress\\\/\"},{\"@type\":\"ListItem\",\"position\":2,\"name\":\"liens\"}]},{\"@type\":\"WebSite\",\"@id\":\"https:\\\/\\\/clubmicronet.net\\\/wordpress\\\/#website\",\"url\":\"https:\\\/\\\/clubmicronet.net\\\/wordpress\\\/\",\"name\":\"Club Informatique Micronet Vincennes\",\"description\":\"Le Club d&#039;informatique \u00e0 Vincennes, anim\u00e9 par des b\u00e9n\u00e9voles, vous accueille dans une atmosph\u00e8re conviviale, vous aide \u00e0 d\u00e9finir et atteindre vos objectifs dans le domaine de l\u2019informatique.\",\"publisher\":{\"@id\":\"https:\\\/\\\/clubmicronet.net\\\/wordpress\\\/#organization\"},\"potentialAction\":[{\"@type\":\"SearchAction\",\"target\":{\"@type\":\"EntryPoint\",\"urlTemplate\":\"https:\\\/\\\/clubmicronet.net\\\/wordpress\\\/?s={search_term_string}\"},\"query-input\":{\"@type\":\"PropertyValueSpecification\",\"valueRequired\":true,\"valueName\":\"search_term_string\"}}],\"inLanguage\":\"fr-FR\"},{\"@type\":\"Organization\",\"@id\":\"https:\\\/\\\/clubmicronet.net\\\/wordpress\\\/#organization\",\"name\":\"Club Micronet Vincennes\",\"url\":\"https:\\\/\\\/clubmicronet.net\\\/wordpress\\\/\",\"logo\":{\"@type\":\"ImageObject\",\"inLanguage\":\"fr-FR\",\"@id\":\"https:\\\/\\\/clubmicronet.net\\\/wordpress\\\/#\\\/schema\\\/logo\\\/image\\\/\",\"url\":\"https:\\\/\\\/clubmicronet.net\\\/wordpress\\\/wp-content\\\/uploads\\\/2021\\\/05\\\/logo-club.jpg\",\"contentUrl\":\"https:\\\/\\\/clubmicronet.net\\\/wordpress\\\/wp-content\\\/uploads\\\/2021\\\/05\\\/logo-club.jpg\",\"width\":217,\"height\":214,\"caption\":\"Club Micronet Vincennes\"},\"image\":{\"@id\":\"https:\\\/\\\/clubmicronet.net\\\/wordpress\\\/#\\\/schema\\\/logo\\\/image\\\/\"},\"sameAs\":[\"https:\\\/\\\/www.facebook.com\\\/ClubMicronetVincennes\\\/\"]}]}<\/script>\n<!-- \/ Yoast SEO plugin. -->","yoast_head_json":{"title":"liens - Club Informatique Micronet Vincennes","robots":{"index":"index","follow":"follow","max-snippet":"max-snippet:-1","max-image-preview":"max-image-preview:large","max-video-preview":"max-video-preview:-1"},"canonical":"https:\/\/clubmicronet.net\/wordpress\/liens\/","og_locale":"fr_FR","og_type":"article","og_title":"liens - Club Informatique Micronet Vincennes","og_description":"Les liens de nos animations et de nos principaux partenaires &nbsp;Smartphone, Tablette , Objets connect\u00e9s","og_url":"https:\/\/clubmicronet.net\/wordpress\/liens\/","og_site_name":"Club Informatique Micronet Vincennes","article_publisher":"https:\/\/www.facebook.com\/ClubMicronetVincennes\/","article_modified_time":"2026-03-18T07:20:48+00:00","og_image":[{"width":300,"height":242,"url":"https:\/\/clubmicronet.net\/wordpress\/wp-content\/uploads\/2023\/07\/IOS-ANDROID5.png","type":"image\/png"}],"twitter_card":"summary_large_image","twitter_misc":{"Dur\u00e9e de lecture estim\u00e9e":"5 minutes"},"schema":{"@context":"https:\/\/schema.org","@graph":[{"@type":"WebPage","@id":"https:\/\/clubmicronet.net\/wordpress\/liens\/","url":"https:\/\/clubmicronet.net\/wordpress\/liens\/","name":"liens - Club Informatique Micronet Vincennes","isPartOf":{"@id":"https:\/\/clubmicronet.net\/wordpress\/#website"},"primaryImageOfPage":{"@id":"https:\/\/clubmicronet.net\/wordpress\/liens\/#primaryimage"},"image":{"@id":"https:\/\/clubmicronet.net\/wordpress\/liens\/#primaryimage"},"thumbnailUrl":"https:\/\/clubmicronet.net\/wordpress\/wp-content\/uploads\/2023\/07\/IOS-ANDROID5.png","datePublished":"2021-07-21T09:02:46+00:00","dateModified":"2026-03-18T07:20:48+00:00","breadcrumb":{"@id":"https:\/\/clubmicronet.net\/wordpress\/liens\/#breadcrumb"},"inLanguage":"fr-FR","potentialAction":[{"@type":"ReadAction","target":["https:\/\/clubmicronet.net\/wordpress\/liens\/"]}]},{"@type":"ImageObject","inLanguage":"fr-FR","@id":"https:\/\/clubmicronet.net\/wordpress\/liens\/#primaryimage","url":"https:\/\/clubmicronet.net\/wordpress\/wp-content\/uploads\/2023\/07\/IOS-ANDROID5.png","contentUrl":"https:\/\/clubmicronet.net\/wordpress\/wp-content\/uploads\/2023\/07\/IOS-ANDROID5.png","width":300,"height":242},{"@type":"BreadcrumbList","@id":"https:\/\/clubmicronet.net\/wordpress\/liens\/#breadcrumb","itemListElement":[{"@type":"ListItem","position":1,"name":"Accueil","item":"https:\/\/clubmicronet.net\/wordpress\/"},{"@type":"ListItem","position":2,"name":"liens"}]},{"@type":"WebSite","@id":"https:\/\/clubmicronet.net\/wordpress\/#website","url":"https:\/\/clubmicronet.net\/wordpress\/","name":"Club Informatique Micronet Vincennes","description":"Le Club d&#039;informatique \u00e0 Vincennes, anim\u00e9 par des b\u00e9n\u00e9voles, vous accueille dans une atmosph\u00e8re conviviale, vous aide \u00e0 d\u00e9finir et atteindre vos objectifs dans le domaine de l\u2019informatique.","publisher":{"@id":"https:\/\/clubmicronet.net\/wordpress\/#organization"},"potentialAction":[{"@type":"SearchAction","target":{"@type":"EntryPoint","urlTemplate":"https:\/\/clubmicronet.net\/wordpress\/?s={search_term_string}"},"query-input":{"@type":"PropertyValueSpecification","valueRequired":true,"valueName":"search_term_string"}}],"inLanguage":"fr-FR"},{"@type":"Organization","@id":"https:\/\/clubmicronet.net\/wordpress\/#organization","name":"Club Micronet Vincennes","url":"https:\/\/clubmicronet.net\/wordpress\/","logo":{"@type":"ImageObject","inLanguage":"fr-FR","@id":"https:\/\/clubmicronet.net\/wordpress\/#\/schema\/logo\/image\/","url":"https:\/\/clubmicronet.net\/wordpress\/wp-content\/uploads\/2021\/05\/logo-club.jpg","contentUrl":"https:\/\/clubmicronet.net\/wordpress\/wp-content\/uploads\/2021\/05\/logo-club.jpg","width":217,"height":214,"caption":"Club Micronet Vincennes"},"image":{"@id":"https:\/\/clubmicronet.net\/wordpress\/#\/schema\/logo\/image\/"},"sameAs":["https:\/\/www.facebook.com\/ClubMicronetVincennes\/"]}]}},"_links":{"self":[{"href":"https:\/\/clubmicronet.net\/wordpress\/wp-json\/wp\/v2\/pages\/2500","targetHints":{"allow":["GET"]}}],"collection":[{"href":"https:\/\/clubmicronet.net\/wordpress\/wp-json\/wp\/v2\/pages"}],"about":[{"href":"https:\/\/clubmicronet.net\/wordpress\/wp-json\/wp\/v2\/types\/page"}],"author":[{"embeddable":true,"href":"https:\/\/clubmicronet.net\/wordpress\/wp-json\/wp\/v2\/users\/1"}],"replies":[{"embeddable":true,"href":"https:\/\/clubmicronet.net\/wordpress\/wp-json\/wp\/v2\/comments?post=2500"}],"version-history":[{"count":33,"href":"https:\/\/clubmicronet.net\/wordpress\/wp-json\/wp\/v2\/pages\/2500\/revisions"}],"predecessor-version":[{"id":4788,"href":"https:\/\/clubmicronet.net\/wordpress\/wp-json\/wp\/v2\/pages\/2500\/revisions\/4788"}],"wp:attachment":[{"href":"https:\/\/clubmicronet.net\/wordpress\/wp-json\/wp\/v2\/media?parent=2500"}],"curies":[{"name":"wp","href":"https:\/\/api.w.org\/{rel}","templated":true}]}}