{"id":2517,"date":"2021-07-21T13:45:28","date_gmt":"2021-07-21T11:45:28","guid":{"rendered":"https:\/\/clubmicronet.net\/wordpress\/?page_id=2517"},"modified":"2025-11-17T17:15:54","modified_gmt":"2025-11-17T16:15:54","slug":"notre-materiel","status":"publish","type":"page","link":"https:\/\/clubmicronet.net\/wordpress\/notre-materiel\/","title":{"rendered":"Notre mat\u00e9riel"},"content":{"rendered":"<p>[et_pb_section fb_built=\u00a0\u00bb1&Prime; _builder_version=\u00a0\u00bb4.16&Prime; _module_preset=\u00a0\u00bbdefault\u00a0\u00bb background_image=\u00a0\u00bbhttps:\/\/clubmicronet.net\/wordpress\/wp-content\/uploads\/2021\/05\/plus-green-stock-exchange-numbers-picjumbo-com-scaled.jpg\u00a0\u00bb custom_margin=\u00a0\u00bb0px||||false|false\u00a0\u00bb custom_padding=\u00a0\u00bb13px||7px||false|false\u00a0\u00bb global_colors_info=\u00a0\u00bb{}\u00a0\u00bb][et_pb_row _builder_version=\u00a0\u00bb4.16&Prime; _module_preset=\u00a0\u00bbdefault\u00a0\u00bb background_color=\u00a0\u00bbRGBA(0,0,0,0)\u00a0\u00bb width=\u00a0\u00bb100%\u00a0\u00bb max_width=\u00a0\u00bb1160px\u00a0\u00bb module_alignment=\u00a0\u00bbcenter\u00a0\u00bb custom_margin=\u00a0\u00bb30px|9px|30px|9px|true|false\u00a0\u00bb custom_padding=\u00a0\u00bb0px||0px||false|false\u00a0\u00bb background_last_edited=\u00a0\u00bbon|phone\u00a0\u00bb global_colors_info=\u00a0\u00bb{}\u00a0\u00bb][et_pb_column type=\u00a0\u00bb4_4&Prime; _builder_version=\u00a0\u00bb4.16&Prime; _module_preset=\u00a0\u00bbdefault\u00a0\u00bb global_colors_info=\u00a0\u00bb{}\u00a0\u00bb][et_pb_text _builder_version=\u00a0\u00bb4.27.4&Prime; _module_preset=\u00a0\u00bbdefault\u00a0\u00bb text_font=\u00a0\u00bbMontserrat|||on|||||\u00a0\u00bb text_font_size=\u00a0\u00bb24px\u00a0\u00bb header_text_color=\u00a0\u00bb#000000&Prime; header_font_size=\u00a0\u00bb25px\u00a0\u00bb header_letter_spacing=\u00a0\u00bb9px\u00a0\u00bb background_color=\u00a0\u00bbgcid-c7530698-717f-4069-b499-e67a0a16690c\u00a0\u00bb background_enable_color=\u00a0\u00bbon\u00a0\u00bb width=\u00a0\u00bb100%\u00a0\u00bb max_width=\u00a0\u00bb100%\u00a0\u00bb module_alignment=\u00a0\u00bbcenter\u00a0\u00bb min_height=\u00a0\u00bb64px\u00a0\u00bb custom_margin=\u00a0\u00bb0px||||false|false\u00a0\u00bb custom_padding=\u00a0\u00bb14px||||false|false\u00a0\u00bb border_radii=\u00a0\u00bbon|16px|16px|16px|16px\u00a0\u00bb border_width_all=\u00a0\u00bb3px\u00a0\u00bb box_shadow_style=\u00a0\u00bbpreset2&Prime; global_colors_info=\u00a0\u00bb{%22gcid-c7530698-717f-4069-b499-e67a0a16690c%22:%91%22background_color%22%93}\u00a0\u00bb]<\/p>\n<h1 style=\"text-align: center;\"><span style=\"font-size: large;\">Notre mat\u00e9riel<\/span><\/h1>\n<p>[\/et_pb_text][\/et_pb_column][\/et_pb_row][et_pb_row column_structure=\u00a0\u00bb1_2,1_2&Prime; use_custom_gutter=\u00a0\u00bbon\u00a0\u00bb gutter_width=\u00a0\u00bb2&Prime; make_equal=\u00a0\u00bbon\u00a0\u00bb _builder_version=\u00a0\u00bb4.16&Prime; _module_preset=\u00a0\u00bbdefault\u00a0\u00bb background_color=\u00a0\u00bbRGBA(0,0,0,0)\u00a0\u00bb width=\u00a0\u00bb100%\u00a0\u00bb max_width=\u00a0\u00bb1160px\u00a0\u00bb module_alignment=\u00a0\u00bbcenter\u00a0\u00bb custom_margin=\u00a0\u00bb30px|9px|30px|9px|true|false\u00a0\u00bb custom_padding=\u00a0\u00bb0px||0px|0px|false|false\u00a0\u00bb background_last_edited=\u00a0\u00bbon|phone\u00a0\u00bb global_colors_info=\u00a0\u00bb{}\u00a0\u00bb][et_pb_column type=\u00a0\u00bb1_2&Prime; _builder_version=\u00a0\u00bb4.16&Prime; _module_preset=\u00a0\u00bbdefault\u00a0\u00bb global_colors_info=\u00a0\u00bb{}\u00a0\u00bb][et_pb_text _builder_version=\u00a0\u00bb4.27.4&Prime; _module_preset=\u00a0\u00bbdefault\u00a0\u00bb background_color=\u00a0\u00bbgcid-c7530698-717f-4069-b499-e67a0a16690c\u00a0\u00bb background_enable_color=\u00a0\u00bbon\u00a0\u00bb max_width=\u00a0\u00bb100%\u00a0\u00bb max_width_tablet=\u00a0\u00bb100%\u00a0\u00bb max_width_phone=\u00a0\u00bb100%\u00a0\u00bb max_width_last_edited=\u00a0\u00bbon|desktop\u00a0\u00bb module_alignment=\u00a0\u00bbcenter\u00a0\u00bb min_height=\u00a0\u00bb816px\u00a0\u00bb custom_margin=\u00a0\u00bb0px|-28px||2px|false|false\u00a0\u00bb custom_padding=\u00a0\u00bb18px|0px|0px|16px|false|false\u00a0\u00bb border_radii=\u00a0\u00bbon|10px|10px|10px|10px\u00a0\u00bb border_width_all=\u00a0\u00bb2px\u00a0\u00bb border_color_all=\u00a0\u00bb#50ED94&Prime; global_colors_info=\u00a0\u00bb{%22gcid-c7530698-717f-4069-b499-e67a0a16690c%22:%91%22background_color%22%93}\u00a0\u00bb]<\/p>\n<h3 style=\"text-align: center;\"><strong><span>LE CLUB EST EQUIPE DE\u00a0:<\/span><\/strong><\/h3>\n<p><span><strong><\/strong><\/span><\/p>\n<p><span><strong>GRANDE SALLE\u00a0:<\/strong><\/span><br \/>&#8211; 30 ordinateurs sous Windows 11 dont 4 en double boot avec Linux Ubuntu<br \/>&#8211; 1 ordinateur sous XP &#8211; VISTA<br \/>&#8211; 2 Ordinateurs sous Mac X 10.7.5<br \/>&#8211; 2 Scanners\u00a0 Canon<br \/>&#8211; 1 Scanner 3D<br \/>&#8211; 2 Imprimantes noir et blanc Brother et HP<br \/>&#8211; 1 Imprimante 3D<br \/>Acc\u00e8s \u00e0 internet, Wifi gratuit<\/p>\n<p><span><strong>PETITE SALLE\u00a0:<\/strong><\/span><br \/>&#8211; 11 ordinateurs sous Windows 11<br \/>&#8211; 1 ordinateur sous windows 10<br \/>&#8211; 1 scanner Epson<br \/>&#8211; 1 imprimante noir et blanc Brother<br \/>&#8211; 1 imprimante couleur Brother<br \/>Acc\u00e8s \u00e0 internet, Wifi gratuit<\/p>\n<p><span><strong>AUTRES MATERIELS :<\/strong><\/span><br \/>&#8211; 5 Ordinateurs portables sous Windows 10 Pro ou Home<br \/>&#8211; 1 Ordinateur portable sous Linux Mint 20<br \/>&#8211; 1 Ordinateur Chromebooks<br \/>&#8211; 1 tablette Ipad<br \/>&#8211; 10 tablettes sous Android<br \/>&#8211; 1 Scanner n\u00e9gatif ou diapositive Pulsteck<br \/>&#8211; 3 Magn\u00e9toscopes pour num\u00e9risation cassettes VHS<br \/>&#8211; 1 Platine pour num\u00e9risation disque vinyle<br \/>&#8211; 1 Lecteur cassette audio pour num\u00e9risation<br \/>&#8211; 1 Projecteur Super 8 + cam\u00e9ra pour num\u00e9risation film Super8<\/p>\n<p>&nbsp;<\/p>\n<p>[\/et_pb_text][\/et_pb_column][et_pb_column type=\u00a0\u00bb1_2&Prime; _builder_version=\u00a0\u00bb4.16&Prime; _module_preset=\u00a0\u00bbdefault\u00a0\u00bb global_colors_info=\u00a0\u00bb{}\u00a0\u00bb][et_pb_text _builder_version=\u00a0\u00bb4.27.4&Prime; _module_preset=\u00a0\u00bbdefault\u00a0\u00bb background_color=\u00a0\u00bbgcid-c7530698-717f-4069-b499-e67a0a16690c\u00a0\u00bb background_enable_color=\u00a0\u00bbon\u00a0\u00bb max_width=\u00a0\u00bb100%\u00a0\u00bb max_width_tablet=\u00a0\u00bb100%\u00a0\u00bb max_width_phone=\u00a0\u00bb100%\u00a0\u00bb max_width_last_edited=\u00a0\u00bbon|desktop\u00a0\u00bb module_alignment=\u00a0\u00bbcenter\u00a0\u00bb min_height=\u00a0\u00bb819px\u00a0\u00bb custom_margin=\u00a0\u00bb0px|-28px||2px|false|false\u00a0\u00bb custom_padding=\u00a0\u00bb18px|0px|18px|16px|true|false\u00a0\u00bb border_radii=\u00a0\u00bbon|10px|10px|10px|10px\u00a0\u00bb border_width_all=\u00a0\u00bb2px\u00a0\u00bb border_color_all=\u00a0\u00bb#50ED94&Prime; global_colors_info=\u00a0\u00bb{%22gcid-c7530698-717f-4069-b499-e67a0a16690c%22:%91%22background_color%22%93}\u00a0\u00bb]<\/p>\n<p><span><strong><\/strong><\/span><\/p>\n<p><strong style=\"font-size: 14px;\">Logiciels dans les deux salles :<\/strong><\/p>\n<p>&#8211; Adobe Photoshop Element 10<br \/>&#8211; Audacity<br \/>&#8211; CDBurner XP<br \/>&#8211; Gimp 2<br \/>&#8211; Libre office<br \/>&#8211; Microsoft Office 2019 et 2021<br \/>&#8211; Movie Maker<br \/>&#8211; Paint<br \/>&#8211; Picasa<br \/>-Photofiltre 7<br \/>&#8211; VLC<br \/>&#8211; 7Zip ou Izarc<\/p>\n<p><span><strong>Logiciels uniquement dans la grande salle<\/strong><br \/><\/span><\/p>\n<p>&#8211; 21 Adobe Photoshop Element 19<\/p>\n<p><span><strong>Logiciels uniquement dans la petite salle<\/strong><br \/><\/span><span>&#8211; 10 Adobe Premiere Element 9<br \/><\/span>&#8211; 3 Photoshop CS 6<br \/>&#8211; 3 Photoshop CS 5<br \/><span>&#8211; 8 Adobe Lightroom 5<br \/><\/span>&#8211; 8 Adobe Lightroom 6<br \/>&#8211; 3 Photoshop Element 2019<b><span><br \/><\/span><\/b>&#8211; 3 Photoshop Element 2020<\/p>\n<p><span><strong>Navigateurs Internet<\/strong><\/span><\/p>\n<p>&#8211; Google Chrome<br \/>&#8211; Internet Explorer<br \/>&#8211; Microsoft Edge<br \/>&#8211; Mozilla firefox<\/p>\n<p>[\/et_pb_text][\/et_pb_column][\/et_pb_row][\/et_pb_section]<\/p>\n","protected":false},"excerpt":{"rendered":"<p>Notre mat\u00e9rielLE CLUB EST EQUIPE DE\u00a0: GRANDE SALLE\u00a0:- 30 ordinateurs sous Windows 11 dont 4 en double boot avec Linux Ubuntu- 1 ordinateur sous XP &#8211; VISTA- 2 Ordinateurs sous Mac X 10.7.5- 2 Scanners\u00a0 Canon- 1 Scanner 3D- 2 Imprimantes noir et blanc Brother et HP- 1 Imprimante 3DAcc\u00e8s \u00e0 internet, Wifi gratuit PETITE [&hellip;]<\/p>\n","protected":false},"author":1,"featured_media":0,"parent":0,"menu_order":0,"comment_status":"closed","ping_status":"closed","template":"","meta":{"_et_pb_use_builder":"on","_et_pb_old_content":"","_et_gb_content_width":"","footnotes":""},"class_list":["post-2517","page","type-page","status-publish","hentry"],"yoast_head":"<!-- This site is optimized with the Yoast SEO plugin v27.5 - https:\/\/yoast.com\/product\/yoast-seo-wordpress\/ -->\n<title>Notre mat\u00e9riel - Club Informatique Micronet Vincennes<\/title>\n<meta name=\"robots\" content=\"index, follow, max-snippet:-1, max-image-preview:large, max-video-preview:-1\" \/>\n<link rel=\"canonical\" href=\"https:\/\/clubmicronet.net\/wordpress\/notre-materiel\/\" \/>\n<meta property=\"og:locale\" content=\"fr_FR\" \/>\n<meta property=\"og:type\" content=\"article\" \/>\n<meta property=\"og:title\" content=\"Notre mat\u00e9riel - Club Informatique Micronet Vincennes\" \/>\n<meta property=\"og:description\" content=\"Notre mat\u00e9rielLE CLUB EST EQUIPE DE\u00a0: GRANDE SALLE\u00a0:- 30 ordinateurs sous Windows 11 dont 4 en double boot avec Linux Ubuntu- 1 ordinateur sous XP - VISTA- 2 Ordinateurs sous Mac X 10.7.5- 2 Scanners\u00a0 Canon- 1 Scanner 3D- 2 Imprimantes noir et blanc Brother et HP- 1 Imprimante 3DAcc\u00e8s \u00e0 internet, Wifi gratuit PETITE [&hellip;]\" \/>\n<meta property=\"og:url\" content=\"https:\/\/clubmicronet.net\/wordpress\/notre-materiel\/\" \/>\n<meta property=\"og:site_name\" content=\"Club Informatique Micronet Vincennes\" \/>\n<meta property=\"article:publisher\" content=\"https:\/\/www.facebook.com\/ClubMicronetVincennes\/\" \/>\n<meta property=\"article:modified_time\" content=\"2025-11-17T16:15:54+00:00\" \/>\n<meta name=\"twitter:card\" content=\"summary_large_image\" \/>\n<meta name=\"twitter:label1\" content=\"Dur\u00e9e de lecture estim\u00e9e\" \/>\n\t<meta name=\"twitter:data1\" content=\"3 minutes\" \/>\n<script type=\"application\/ld+json\" class=\"yoast-schema-graph\">{\"@context\":\"https:\\\/\\\/schema.org\",\"@graph\":[{\"@type\":\"WebPage\",\"@id\":\"https:\\\/\\\/clubmicronet.net\\\/wordpress\\\/notre-materiel\\\/\",\"url\":\"https:\\\/\\\/clubmicronet.net\\\/wordpress\\\/notre-materiel\\\/\",\"name\":\"Notre mat\u00e9riel - Club Informatique Micronet Vincennes\",\"isPartOf\":{\"@id\":\"https:\\\/\\\/clubmicronet.net\\\/wordpress\\\/#website\"},\"datePublished\":\"2021-07-21T11:45:28+00:00\",\"dateModified\":\"2025-11-17T16:15:54+00:00\",\"breadcrumb\":{\"@id\":\"https:\\\/\\\/clubmicronet.net\\\/wordpress\\\/notre-materiel\\\/#breadcrumb\"},\"inLanguage\":\"fr-FR\",\"potentialAction\":[{\"@type\":\"ReadAction\",\"target\":[\"https:\\\/\\\/clubmicronet.net\\\/wordpress\\\/notre-materiel\\\/\"]}]},{\"@type\":\"BreadcrumbList\",\"@id\":\"https:\\\/\\\/clubmicronet.net\\\/wordpress\\\/notre-materiel\\\/#breadcrumb\",\"itemListElement\":[{\"@type\":\"ListItem\",\"position\":1,\"name\":\"Accueil\",\"item\":\"https:\\\/\\\/clubmicronet.net\\\/wordpress\\\/\"},{\"@type\":\"ListItem\",\"position\":2,\"name\":\"Notre mat\u00e9riel\"}]},{\"@type\":\"WebSite\",\"@id\":\"https:\\\/\\\/clubmicronet.net\\\/wordpress\\\/#website\",\"url\":\"https:\\\/\\\/clubmicronet.net\\\/wordpress\\\/\",\"name\":\"Club Informatique Micronet Vincennes\",\"description\":\"Le Club d&#039;informatique \u00e0 Vincennes, anim\u00e9 par des b\u00e9n\u00e9voles, vous accueille dans une atmosph\u00e8re conviviale, vous aide \u00e0 d\u00e9finir et atteindre vos objectifs dans le domaine de l\u2019informatique.\",\"publisher\":{\"@id\":\"https:\\\/\\\/clubmicronet.net\\\/wordpress\\\/#organization\"},\"potentialAction\":[{\"@type\":\"SearchAction\",\"target\":{\"@type\":\"EntryPoint\",\"urlTemplate\":\"https:\\\/\\\/clubmicronet.net\\\/wordpress\\\/?s={search_term_string}\"},\"query-input\":{\"@type\":\"PropertyValueSpecification\",\"valueRequired\":true,\"valueName\":\"search_term_string\"}}],\"inLanguage\":\"fr-FR\"},{\"@type\":\"Organization\",\"@id\":\"https:\\\/\\\/clubmicronet.net\\\/wordpress\\\/#organization\",\"name\":\"Club Micronet Vincennes\",\"url\":\"https:\\\/\\\/clubmicronet.net\\\/wordpress\\\/\",\"logo\":{\"@type\":\"ImageObject\",\"inLanguage\":\"fr-FR\",\"@id\":\"https:\\\/\\\/clubmicronet.net\\\/wordpress\\\/#\\\/schema\\\/logo\\\/image\\\/\",\"url\":\"https:\\\/\\\/clubmicronet.net\\\/wordpress\\\/wp-content\\\/uploads\\\/2021\\\/05\\\/logo-club.jpg\",\"contentUrl\":\"https:\\\/\\\/clubmicronet.net\\\/wordpress\\\/wp-content\\\/uploads\\\/2021\\\/05\\\/logo-club.jpg\",\"width\":217,\"height\":214,\"caption\":\"Club Micronet Vincennes\"},\"image\":{\"@id\":\"https:\\\/\\\/clubmicronet.net\\\/wordpress\\\/#\\\/schema\\\/logo\\\/image\\\/\"},\"sameAs\":[\"https:\\\/\\\/www.facebook.com\\\/ClubMicronetVincennes\\\/\"]}]}<\/script>\n<!-- \/ Yoast SEO plugin. -->","yoast_head_json":{"title":"Notre mat\u00e9riel - Club Informatique Micronet Vincennes","robots":{"index":"index","follow":"follow","max-snippet":"max-snippet:-1","max-image-preview":"max-image-preview:large","max-video-preview":"max-video-preview:-1"},"canonical":"https:\/\/clubmicronet.net\/wordpress\/notre-materiel\/","og_locale":"fr_FR","og_type":"article","og_title":"Notre mat\u00e9riel - Club Informatique Micronet Vincennes","og_description":"Notre mat\u00e9rielLE CLUB EST EQUIPE DE\u00a0: GRANDE SALLE\u00a0:- 30 ordinateurs sous Windows 11 dont 4 en double boot avec Linux Ubuntu- 1 ordinateur sous XP - VISTA- 2 Ordinateurs sous Mac X 10.7.5- 2 Scanners\u00a0 Canon- 1 Scanner 3D- 2 Imprimantes noir et blanc Brother et HP- 1 Imprimante 3DAcc\u00e8s \u00e0 internet, Wifi gratuit PETITE [&hellip;]","og_url":"https:\/\/clubmicronet.net\/wordpress\/notre-materiel\/","og_site_name":"Club Informatique Micronet Vincennes","article_publisher":"https:\/\/www.facebook.com\/ClubMicronetVincennes\/","article_modified_time":"2025-11-17T16:15:54+00:00","twitter_card":"summary_large_image","twitter_misc":{"Dur\u00e9e de lecture estim\u00e9e":"3 minutes"},"schema":{"@context":"https:\/\/schema.org","@graph":[{"@type":"WebPage","@id":"https:\/\/clubmicronet.net\/wordpress\/notre-materiel\/","url":"https:\/\/clubmicronet.net\/wordpress\/notre-materiel\/","name":"Notre mat\u00e9riel - Club Informatique Micronet Vincennes","isPartOf":{"@id":"https:\/\/clubmicronet.net\/wordpress\/#website"},"datePublished":"2021-07-21T11:45:28+00:00","dateModified":"2025-11-17T16:15:54+00:00","breadcrumb":{"@id":"https:\/\/clubmicronet.net\/wordpress\/notre-materiel\/#breadcrumb"},"inLanguage":"fr-FR","potentialAction":[{"@type":"ReadAction","target":["https:\/\/clubmicronet.net\/wordpress\/notre-materiel\/"]}]},{"@type":"BreadcrumbList","@id":"https:\/\/clubmicronet.net\/wordpress\/notre-materiel\/#breadcrumb","itemListElement":[{"@type":"ListItem","position":1,"name":"Accueil","item":"https:\/\/clubmicronet.net\/wordpress\/"},{"@type":"ListItem","position":2,"name":"Notre mat\u00e9riel"}]},{"@type":"WebSite","@id":"https:\/\/clubmicronet.net\/wordpress\/#website","url":"https:\/\/clubmicronet.net\/wordpress\/","name":"Club Informatique Micronet Vincennes","description":"Le Club d&#039;informatique \u00e0 Vincennes, anim\u00e9 par des b\u00e9n\u00e9voles, vous accueille dans une atmosph\u00e8re conviviale, vous aide \u00e0 d\u00e9finir et atteindre vos objectifs dans le domaine de l\u2019informatique.","publisher":{"@id":"https:\/\/clubmicronet.net\/wordpress\/#organization"},"potentialAction":[{"@type":"SearchAction","target":{"@type":"EntryPoint","urlTemplate":"https:\/\/clubmicronet.net\/wordpress\/?s={search_term_string}"},"query-input":{"@type":"PropertyValueSpecification","valueRequired":true,"valueName":"search_term_string"}}],"inLanguage":"fr-FR"},{"@type":"Organization","@id":"https:\/\/clubmicronet.net\/wordpress\/#organization","name":"Club Micronet Vincennes","url":"https:\/\/clubmicronet.net\/wordpress\/","logo":{"@type":"ImageObject","inLanguage":"fr-FR","@id":"https:\/\/clubmicronet.net\/wordpress\/#\/schema\/logo\/image\/","url":"https:\/\/clubmicronet.net\/wordpress\/wp-content\/uploads\/2021\/05\/logo-club.jpg","contentUrl":"https:\/\/clubmicronet.net\/wordpress\/wp-content\/uploads\/2021\/05\/logo-club.jpg","width":217,"height":214,"caption":"Club Micronet Vincennes"},"image":{"@id":"https:\/\/clubmicronet.net\/wordpress\/#\/schema\/logo\/image\/"},"sameAs":["https:\/\/www.facebook.com\/ClubMicronetVincennes\/"]}]}},"_links":{"self":[{"href":"https:\/\/clubmicronet.net\/wordpress\/wp-json\/wp\/v2\/pages\/2517","targetHints":{"allow":["GET"]}}],"collection":[{"href":"https:\/\/clubmicronet.net\/wordpress\/wp-json\/wp\/v2\/pages"}],"about":[{"href":"https:\/\/clubmicronet.net\/wordpress\/wp-json\/wp\/v2\/types\/page"}],"author":[{"embeddable":true,"href":"https:\/\/clubmicronet.net\/wordpress\/wp-json\/wp\/v2\/users\/1"}],"replies":[{"embeddable":true,"href":"https:\/\/clubmicronet.net\/wordpress\/wp-json\/wp\/v2\/comments?post=2517"}],"version-history":[{"count":12,"href":"https:\/\/clubmicronet.net\/wordpress\/wp-json\/wp\/v2\/pages\/2517\/revisions"}],"predecessor-version":[{"id":4721,"href":"https:\/\/clubmicronet.net\/wordpress\/wp-json\/wp\/v2\/pages\/2517\/revisions\/4721"}],"wp:attachment":[{"href":"https:\/\/clubmicronet.net\/wordpress\/wp-json\/wp\/v2\/media?parent=2517"}],"curies":[{"name":"wp","href":"https:\/\/api.w.org\/{rel}","templated":true}]}}