{"id":286,"date":"2021-03-01T13:04:10","date_gmt":"2021-03-01T12:04:10","guid":{"rendered":"https:\/\/clubmicronet.net\/wordpress\/?page_id=286"},"modified":"2025-09-25T17:00:28","modified_gmt":"2025-09-25T15:00:28","slug":"actualites","status":"publish","type":"page","link":"https:\/\/clubmicronet.net\/wordpress\/actualites\/","title":{"rendered":"Actualit\u00e9s"},"content":{"rendered":"<p>[et_pb_section fb_built=\u00a0\u00bb1&Prime; _builder_version=\u00a0\u00bb4.16&Prime; _module_preset=\u00a0\u00bbdefault\u00a0\u00bb background_color=\u00a0\u00bbRGBA(0,0,0,0)\u00a0\u00bb background_image=\u00a0\u00bbhttps:\/\/clubmicronet.net\/wordpress\/wp-content\/uploads\/2021\/05\/dries-augustyns-yiCOCqZ-ig4-unsplash-scaled.jpg\u00a0\u00bb custom_margin=\u00a0\u00bb0px||0px||true|false\u00a0\u00bb custom_padding=\u00a0\u00bb0px||0px||false|false\u00a0\u00bb border_width_all=\u00a0\u00bb2px\u00a0\u00bb global_colors_info=\u00a0\u00bb{}\u00a0\u00bb][et_pb_row _builder_version=\u00a0\u00bb4.23&Prime; _module_preset=\u00a0\u00bbdefault\u00a0\u00bb background_color=\u00a0\u00bbRGBA(0,0,0,0)\u00a0\u00bb width=\u00a0\u00bb100%\u00a0\u00bb max_width=\u00a0\u00bb1260px\u00a0\u00bb module_alignment=\u00a0\u00bbcenter\u00a0\u00bb custom_margin=\u00a0\u00bb28px|10px|28px|10px|true|true\u00a0\u00bb custom_padding=\u00a0\u00bb0px||0px||false|false\u00a0\u00bb background_last_edited=\u00a0\u00bbon|phone\u00a0\u00bb global_colors_info=\u00a0\u00bb{}\u00a0\u00bb][et_pb_column type=\u00a0\u00bb4_4&Prime; _builder_version=\u00a0\u00bb4.16&Prime; _module_preset=\u00a0\u00bbdefault\u00a0\u00bb global_colors_info=\u00a0\u00bb{}\u00a0\u00bb][et_pb_text _builder_version=\u00a0\u00bb4.27.4&Prime; _module_preset=\u00a0\u00bbdefault\u00a0\u00bb text_font=\u00a0\u00bb|700|||||||\u00a0\u00bb text_text_color=\u00a0\u00bbgcid-heading-color\u00a0\u00bb text_font_size=\u00a0\u00bb36px\u00a0\u00bb text_letter_spacing=\u00a0\u00bb1px\u00a0\u00bb text_line_height=\u00a0\u00bb1.4em\u00a0\u00bb header_font_size=\u00a0\u00bb26px\u00a0\u00bb background_color=\u00a0\u00bbgcid-c7530698-717f-4069-b499-e67a0a16690c\u00a0\u00bb background_enable_color=\u00a0\u00bbon\u00a0\u00bb text_orientation=\u00a0\u00bbcenter\u00a0\u00bb background_layout=\u00a0\u00bbdark\u00a0\u00bb width=\u00a0\u00bb100%\u00a0\u00bb max_width=\u00a0\u00bb100%\u00a0\u00bb module_alignment=\u00a0\u00bbcenter\u00a0\u00bb min_height=\u00a0\u00bb100px\u00a0\u00bb min_height_tablet=\u00a0\u00bb100px\u00a0\u00bb min_height_phone=\u00a0\u00bb100px\u00a0\u00bb min_height_last_edited=\u00a0\u00bbon|phone\u00a0\u00bb max_height_tablet=\u00a0\u00bb474px\u00a0\u00bb max_height_phone=\u00a0\u00bb1000px\u00a0\u00bb max_height_last_edited=\u00a0\u00bbon|phone\u00a0\u00bb custom_margin=\u00a0\u00bb9px|0px|9px|0px|true|true\u00a0\u00bb custom_padding=\u00a0\u00bb21px|21px|21px|21px|true|true\u00a0\u00bb filter_contrast=\u00a0\u00bb106%\u00a0\u00bb text_text_shadow_style=\u00a0\u00bbpreset1&Prime; border_radii=\u00a0\u00bbon|10px|10px|10px|10px\u00a0\u00bb border_width_all=\u00a0\u00bb1px\u00a0\u00bb border_color_all=\u00a0\u00bb#225555&Prime; global_colors_info=\u00a0\u00bb{%22gcid-heading-color%22:%91%22text_text_color%22%93,%22gcid-c7530698-717f-4069-b499-e67a0a16690c%22:%91%22background_color%22%93}\u00a0\u00bb]<\/p>\n<p style=\"text-align: center;\">Nos actualit\u00e9s<\/p>\n<p>[\/et_pb_text][et_pb_cta title=\u00a0\u00bbWindows 10 fin du support\u00a0\u00bb button_url=\u00a0\u00bb@ET-DC@eyJkeW5hbWljIjp0cnVlLCJjb250ZW50IjoicG9zdF9saW5rX3VybF9hdHRhY2htZW50Iiwic2V0dGluZ3MiOnsicG9zdF9pZCI6IjQ3MDMifX0=@\u00a0\u00bb url_new_window=\u00a0\u00bbon\u00a0\u00bb button_text=\u00a0\u00bbVoir la lettre\u00a0\u00bb button_text_tablet=\u00a0\u00bbVoir la lettre\u00a0\u00bb button_text_phone=\u00a0\u00bbVoir la lettre\u00a0\u00bb button_text_last_edited=\u00a0\u00bbon|desktop\u00a0\u00bb _builder_version=\u00a0\u00bb4.27.4&Prime; _dynamic_attributes=\u00a0\u00bbbutton_url\u00a0\u00bb _module_preset=\u00a0\u00bbdefault\u00a0\u00bb background_color=\u00a0\u00bbgcid-c7530698-717f-4069-b499-e67a0a16690c\u00a0\u00bb custom_button=\u00a0\u00bbon\u00a0\u00bb button_text_color=\u00a0\u00bb#000000&Prime; button_border_width=\u00a0\u00bb2px\u00a0\u00bb button_border_color=\u00a0\u00bb#000000&Prime; button_border_radius=\u00a0\u00bb11px\u00a0\u00bb button_font=\u00a0\u00bb||||on|||RGBA(255,255,255,0)|\u00a0\u00bb button_use_icon=\u00a0\u00bboff\u00a0\u00bb button_alignment=\u00a0\u00bbcenter\u00a0\u00bb background_layout=\u00a0\u00bblight\u00a0\u00bb custom_margin=\u00a0\u00bb13px||||false|false\u00a0\u00bb custom_padding=\u00a0\u00bb37px||||false|false\u00a0\u00bb link_option_url_new_window=\u00a0\u00bbon\u00a0\u00bb hover_enabled=\u00a0\u00bb0&Prime; border_radii=\u00a0\u00bboff|8px|8px|8px|8px\u00a0\u00bb box_shadow_style_button=\u00a0\u00bbpreset1&Prime; box_shadow_vertical_button=\u00a0\u00bb3px\u00a0\u00bb box_shadow_blur_button=\u00a0\u00bb5px\u00a0\u00bb global_colors_info=\u00a0\u00bb{%22gcid-c7530698-717f-4069-b499-e67a0a16690c%22:%91%22background_color%22%93}\u00a0\u00bb sticky_enabled=\u00a0\u00bb0&Prime;]<\/p>\n<p style=\"text-align: center;\">\n<p style=\"text-align: center;\"><img loading=\"lazy\" decoding=\"async\" src=\"https:\/\/clubmicronet.net\/wordpress\/wp-content\/uploads\/2025\/09\/Capture-decran-2025-09-25-095530-210x300.png\" width=\"210\" height=\"300\" alt=\"\" class=\"wp-image-4702 alignnone size-medium\" srcset=\"https:\/\/clubmicronet.net\/wordpress\/wp-content\/uploads\/2025\/09\/Capture-decran-2025-09-25-095530-210x300.png 210w, https:\/\/clubmicronet.net\/wordpress\/wp-content\/uploads\/2025\/09\/Capture-decran-2025-09-25-095530.png 383w\" sizes=\"(max-width: 210px) 100vw, 210px\" \/><\/p>\n<p>[\/et_pb_cta][et_pb_cta title=\u00a0\u00bbLa newsletter du mois de mai 2025&Prime; button_url=\u00a0\u00bb@ET-DC@eyJkeW5hbWljIjp0cnVlLCJjb250ZW50IjoicG9zdF9saW5rX3VybF9hdHRhY2htZW50Iiwic2V0dGluZ3MiOnsicG9zdF9pZCI6IjQ0ODIifX0=@\u00a0\u00bb url_new_window=\u00a0\u00bbon\u00a0\u00bb button_text=\u00a0\u00bbVoir la lettre\u00a0\u00bb button_text_tablet=\u00a0\u00bbVoir la lettre\u00a0\u00bb button_text_phone=\u00a0\u00bbVoir la lettre\u00a0\u00bb button_text_last_edited=\u00a0\u00bbon|desktop\u00a0\u00bb _builder_version=\u00a0\u00bb4.27.4&Prime; _dynamic_attributes=\u00a0\u00bbbutton_url\u00a0\u00bb _module_preset=\u00a0\u00bbdefault\u00a0\u00bb background_color=\u00a0\u00bbgcid-c7530698-717f-4069-b499-e67a0a16690c\u00a0\u00bb custom_button=\u00a0\u00bbon\u00a0\u00bb button_text_color=\u00a0\u00bb#000000&Prime; button_border_width=\u00a0\u00bb2px\u00a0\u00bb button_border_color=\u00a0\u00bb#000000&Prime; button_border_radius=\u00a0\u00bb11px\u00a0\u00bb button_font=\u00a0\u00bb||||on|||RGBA(255,255,255,0)|\u00a0\u00bb button_use_icon=\u00a0\u00bboff\u00a0\u00bb button_alignment=\u00a0\u00bbcenter\u00a0\u00bb background_layout=\u00a0\u00bblight\u00a0\u00bb custom_margin=\u00a0\u00bb13px||||false|false\u00a0\u00bb custom_padding=\u00a0\u00bb37px||||false|false\u00a0\u00bb link_option_url_new_window=\u00a0\u00bbon\u00a0\u00bb border_radii=\u00a0\u00bboff|8px|8px|8px|8px\u00a0\u00bb box_shadow_style_button=\u00a0\u00bbpreset1&Prime; box_shadow_vertical_button=\u00a0\u00bb3px\u00a0\u00bb box_shadow_blur_button=\u00a0\u00bb5px\u00a0\u00bb global_colors_info=\u00a0\u00bb{%22gcid-c7530698-717f-4069-b499-e67a0a16690c%22:%91%22background_color%22%93}\u00a0\u00bb]<\/p>\n<p style=\"text-align: center;\"><img loading=\"lazy\" decoding=\"async\" src=\"https:\/\/clubmicronet.net\/wordpress\/wp-content\/uploads\/2025\/05\/Newsletter-mai-2025-213x300.png\" width=\"213\" height=\"300\" alt=\"\" class=\"wp-image-4481 alignnone size-medium\" \/><\/p>\n<p>[\/et_pb_cta][\/et_pb_column][\/et_pb_row][\/et_pb_section]<\/p>\n","protected":false},"excerpt":{"rendered":"<p>Nos actualit\u00e9s<\/p>\n","protected":false},"author":1,"featured_media":0,"parent":0,"menu_order":0,"comment_status":"closed","ping_status":"closed","template":"","meta":{"_et_pb_use_builder":"on","_et_pb_old_content":"","_et_gb_content_width":"","footnotes":""},"class_list":["post-286","page","type-page","status-publish","hentry"],"yoast_head":"<!-- This site is optimized with the Yoast SEO plugin v27.5 - https:\/\/yoast.com\/product\/yoast-seo-wordpress\/ -->\n<title>Actualit\u00e9s - Club Informatique Micronet Vincennes<\/title>\n<meta name=\"robots\" content=\"index, follow, max-snippet:-1, max-image-preview:large, max-video-preview:-1\" \/>\n<link rel=\"canonical\" href=\"https:\/\/clubmicronet.net\/wordpress\/actualites\/\" \/>\n<meta property=\"og:locale\" content=\"fr_FR\" \/>\n<meta property=\"og:type\" content=\"article\" \/>\n<meta property=\"og:title\" content=\"Actualit\u00e9s - Club Informatique Micronet Vincennes\" \/>\n<meta property=\"og:description\" content=\"Nos actualit\u00e9s\" \/>\n<meta property=\"og:url\" content=\"https:\/\/clubmicronet.net\/wordpress\/actualites\/\" \/>\n<meta property=\"og:site_name\" content=\"Club Informatique Micronet Vincennes\" \/>\n<meta property=\"article:publisher\" content=\"https:\/\/www.facebook.com\/ClubMicronetVincennes\/\" \/>\n<meta property=\"article:modified_time\" content=\"2025-09-25T15:00:28+00:00\" \/>\n<meta property=\"og:image\" content=\"https:\/\/clubmicronet.net\/wordpress\/wp-content\/uploads\/2025\/09\/Capture-decran-2025-09-25-095530.png\" \/>\n\t<meta property=\"og:image:width\" content=\"383\" \/>\n\t<meta property=\"og:image:height\" content=\"547\" \/>\n\t<meta property=\"og:image:type\" content=\"image\/png\" \/>\n<meta name=\"twitter:card\" content=\"summary_large_image\" \/>\n<meta name=\"twitter:label1\" content=\"Dur\u00e9e de lecture estim\u00e9e\" \/>\n\t<meta name=\"twitter:data1\" content=\"3 minutes\" \/>\n<script type=\"application\/ld+json\" class=\"yoast-schema-graph\">{\"@context\":\"https:\\\/\\\/schema.org\",\"@graph\":[{\"@type\":\"WebPage\",\"@id\":\"https:\\\/\\\/clubmicronet.net\\\/wordpress\\\/actualites\\\/\",\"url\":\"https:\\\/\\\/clubmicronet.net\\\/wordpress\\\/actualites\\\/\",\"name\":\"Actualit\u00e9s - Club Informatique Micronet Vincennes\",\"isPartOf\":{\"@id\":\"https:\\\/\\\/clubmicronet.net\\\/wordpress\\\/#website\"},\"primaryImageOfPage\":{\"@id\":\"https:\\\/\\\/clubmicronet.net\\\/wordpress\\\/actualites\\\/#primaryimage\"},\"image\":{\"@id\":\"https:\\\/\\\/clubmicronet.net\\\/wordpress\\\/actualites\\\/#primaryimage\"},\"thumbnailUrl\":\"https:\\\/\\\/clubmicronet.net\\\/wordpress\\\/wp-content\\\/uploads\\\/2025\\\/09\\\/Capture-decran-2025-09-25-095530-210x300.png\",\"datePublished\":\"2021-03-01T12:04:10+00:00\",\"dateModified\":\"2025-09-25T15:00:28+00:00\",\"breadcrumb\":{\"@id\":\"https:\\\/\\\/clubmicronet.net\\\/wordpress\\\/actualites\\\/#breadcrumb\"},\"inLanguage\":\"fr-FR\",\"potentialAction\":[{\"@type\":\"ReadAction\",\"target\":[\"https:\\\/\\\/clubmicronet.net\\\/wordpress\\\/actualites\\\/\"]}]},{\"@type\":\"ImageObject\",\"inLanguage\":\"fr-FR\",\"@id\":\"https:\\\/\\\/clubmicronet.net\\\/wordpress\\\/actualites\\\/#primaryimage\",\"url\":\"https:\\\/\\\/clubmicronet.net\\\/wordpress\\\/wp-content\\\/uploads\\\/2025\\\/09\\\/Capture-decran-2025-09-25-095530.png\",\"contentUrl\":\"https:\\\/\\\/clubmicronet.net\\\/wordpress\\\/wp-content\\\/uploads\\\/2025\\\/09\\\/Capture-decran-2025-09-25-095530.png\",\"width\":383,\"height\":547},{\"@type\":\"BreadcrumbList\",\"@id\":\"https:\\\/\\\/clubmicronet.net\\\/wordpress\\\/actualites\\\/#breadcrumb\",\"itemListElement\":[{\"@type\":\"ListItem\",\"position\":1,\"name\":\"Accueil\",\"item\":\"https:\\\/\\\/clubmicronet.net\\\/wordpress\\\/\"},{\"@type\":\"ListItem\",\"position\":2,\"name\":\"Actualit\u00e9s\"}]},{\"@type\":\"WebSite\",\"@id\":\"https:\\\/\\\/clubmicronet.net\\\/wordpress\\\/#website\",\"url\":\"https:\\\/\\\/clubmicronet.net\\\/wordpress\\\/\",\"name\":\"Club Informatique Micronet Vincennes\",\"description\":\"Le Club d&#039;informatique \u00e0 Vincennes, anim\u00e9 par des b\u00e9n\u00e9voles, vous accueille dans une atmosph\u00e8re conviviale, vous aide \u00e0 d\u00e9finir et atteindre vos objectifs dans le domaine de l\u2019informatique.\",\"publisher\":{\"@id\":\"https:\\\/\\\/clubmicronet.net\\\/wordpress\\\/#organization\"},\"potentialAction\":[{\"@type\":\"SearchAction\",\"target\":{\"@type\":\"EntryPoint\",\"urlTemplate\":\"https:\\\/\\\/clubmicronet.net\\\/wordpress\\\/?s={search_term_string}\"},\"query-input\":{\"@type\":\"PropertyValueSpecification\",\"valueRequired\":true,\"valueName\":\"search_term_string\"}}],\"inLanguage\":\"fr-FR\"},{\"@type\":\"Organization\",\"@id\":\"https:\\\/\\\/clubmicronet.net\\\/wordpress\\\/#organization\",\"name\":\"Club Micronet Vincennes\",\"url\":\"https:\\\/\\\/clubmicronet.net\\\/wordpress\\\/\",\"logo\":{\"@type\":\"ImageObject\",\"inLanguage\":\"fr-FR\",\"@id\":\"https:\\\/\\\/clubmicronet.net\\\/wordpress\\\/#\\\/schema\\\/logo\\\/image\\\/\",\"url\":\"https:\\\/\\\/clubmicronet.net\\\/wordpress\\\/wp-content\\\/uploads\\\/2021\\\/05\\\/logo-club.jpg\",\"contentUrl\":\"https:\\\/\\\/clubmicronet.net\\\/wordpress\\\/wp-content\\\/uploads\\\/2021\\\/05\\\/logo-club.jpg\",\"width\":217,\"height\":214,\"caption\":\"Club Micronet Vincennes\"},\"image\":{\"@id\":\"https:\\\/\\\/clubmicronet.net\\\/wordpress\\\/#\\\/schema\\\/logo\\\/image\\\/\"},\"sameAs\":[\"https:\\\/\\\/www.facebook.com\\\/ClubMicronetVincennes\\\/\"]}]}<\/script>\n<!-- \/ Yoast SEO plugin. -->","yoast_head_json":{"title":"Actualit\u00e9s - Club Informatique Micronet Vincennes","robots":{"index":"index","follow":"follow","max-snippet":"max-snippet:-1","max-image-preview":"max-image-preview:large","max-video-preview":"max-video-preview:-1"},"canonical":"https:\/\/clubmicronet.net\/wordpress\/actualites\/","og_locale":"fr_FR","og_type":"article","og_title":"Actualit\u00e9s - Club Informatique Micronet Vincennes","og_description":"Nos actualit\u00e9s","og_url":"https:\/\/clubmicronet.net\/wordpress\/actualites\/","og_site_name":"Club Informatique Micronet Vincennes","article_publisher":"https:\/\/www.facebook.com\/ClubMicronetVincennes\/","article_modified_time":"2025-09-25T15:00:28+00:00","og_image":[{"width":383,"height":547,"url":"https:\/\/clubmicronet.net\/wordpress\/wp-content\/uploads\/2025\/09\/Capture-decran-2025-09-25-095530.png","type":"image\/png"}],"twitter_card":"summary_large_image","twitter_misc":{"Dur\u00e9e de lecture estim\u00e9e":"3 minutes"},"schema":{"@context":"https:\/\/schema.org","@graph":[{"@type":"WebPage","@id":"https:\/\/clubmicronet.net\/wordpress\/actualites\/","url":"https:\/\/clubmicronet.net\/wordpress\/actualites\/","name":"Actualit\u00e9s - Club Informatique Micronet Vincennes","isPartOf":{"@id":"https:\/\/clubmicronet.net\/wordpress\/#website"},"primaryImageOfPage":{"@id":"https:\/\/clubmicronet.net\/wordpress\/actualites\/#primaryimage"},"image":{"@id":"https:\/\/clubmicronet.net\/wordpress\/actualites\/#primaryimage"},"thumbnailUrl":"https:\/\/clubmicronet.net\/wordpress\/wp-content\/uploads\/2025\/09\/Capture-decran-2025-09-25-095530-210x300.png","datePublished":"2021-03-01T12:04:10+00:00","dateModified":"2025-09-25T15:00:28+00:00","breadcrumb":{"@id":"https:\/\/clubmicronet.net\/wordpress\/actualites\/#breadcrumb"},"inLanguage":"fr-FR","potentialAction":[{"@type":"ReadAction","target":["https:\/\/clubmicronet.net\/wordpress\/actualites\/"]}]},{"@type":"ImageObject","inLanguage":"fr-FR","@id":"https:\/\/clubmicronet.net\/wordpress\/actualites\/#primaryimage","url":"https:\/\/clubmicronet.net\/wordpress\/wp-content\/uploads\/2025\/09\/Capture-decran-2025-09-25-095530.png","contentUrl":"https:\/\/clubmicronet.net\/wordpress\/wp-content\/uploads\/2025\/09\/Capture-decran-2025-09-25-095530.png","width":383,"height":547},{"@type":"BreadcrumbList","@id":"https:\/\/clubmicronet.net\/wordpress\/actualites\/#breadcrumb","itemListElement":[{"@type":"ListItem","position":1,"name":"Accueil","item":"https:\/\/clubmicronet.net\/wordpress\/"},{"@type":"ListItem","position":2,"name":"Actualit\u00e9s"}]},{"@type":"WebSite","@id":"https:\/\/clubmicronet.net\/wordpress\/#website","url":"https:\/\/clubmicronet.net\/wordpress\/","name":"Club Informatique Micronet Vincennes","description":"Le Club d&#039;informatique \u00e0 Vincennes, anim\u00e9 par des b\u00e9n\u00e9voles, vous accueille dans une atmosph\u00e8re conviviale, vous aide \u00e0 d\u00e9finir et atteindre vos objectifs dans le domaine de l\u2019informatique.","publisher":{"@id":"https:\/\/clubmicronet.net\/wordpress\/#organization"},"potentialAction":[{"@type":"SearchAction","target":{"@type":"EntryPoint","urlTemplate":"https:\/\/clubmicronet.net\/wordpress\/?s={search_term_string}"},"query-input":{"@type":"PropertyValueSpecification","valueRequired":true,"valueName":"search_term_string"}}],"inLanguage":"fr-FR"},{"@type":"Organization","@id":"https:\/\/clubmicronet.net\/wordpress\/#organization","name":"Club Micronet Vincennes","url":"https:\/\/clubmicronet.net\/wordpress\/","logo":{"@type":"ImageObject","inLanguage":"fr-FR","@id":"https:\/\/clubmicronet.net\/wordpress\/#\/schema\/logo\/image\/","url":"https:\/\/clubmicronet.net\/wordpress\/wp-content\/uploads\/2021\/05\/logo-club.jpg","contentUrl":"https:\/\/clubmicronet.net\/wordpress\/wp-content\/uploads\/2021\/05\/logo-club.jpg","width":217,"height":214,"caption":"Club Micronet Vincennes"},"image":{"@id":"https:\/\/clubmicronet.net\/wordpress\/#\/schema\/logo\/image\/"},"sameAs":["https:\/\/www.facebook.com\/ClubMicronetVincennes\/"]}]}},"_links":{"self":[{"href":"https:\/\/clubmicronet.net\/wordpress\/wp-json\/wp\/v2\/pages\/286","targetHints":{"allow":["GET"]}}],"collection":[{"href":"https:\/\/clubmicronet.net\/wordpress\/wp-json\/wp\/v2\/pages"}],"about":[{"href":"https:\/\/clubmicronet.net\/wordpress\/wp-json\/wp\/v2\/types\/page"}],"author":[{"embeddable":true,"href":"https:\/\/clubmicronet.net\/wordpress\/wp-json\/wp\/v2\/users\/1"}],"replies":[{"embeddable":true,"href":"https:\/\/clubmicronet.net\/wordpress\/wp-json\/wp\/v2\/comments?post=286"}],"version-history":[{"count":123,"href":"https:\/\/clubmicronet.net\/wordpress\/wp-json\/wp\/v2\/pages\/286\/revisions"}],"predecessor-version":[{"id":4704,"href":"https:\/\/clubmicronet.net\/wordpress\/wp-json\/wp\/v2\/pages\/286\/revisions\/4704"}],"wp:attachment":[{"href":"https:\/\/clubmicronet.net\/wordpress\/wp-json\/wp\/v2\/media?parent=286"}],"curies":[{"name":"wp","href":"https:\/\/api.w.org\/{rel}","templated":true}]}}