{"id":3037,"date":"2022-06-07T14:46:16","date_gmt":"2022-06-07T12:46:16","guid":{"rendered":"https:\/\/clubmicronet.net\/wordpress\/?page_id=3037"},"modified":"2024-12-11T09:35:49","modified_gmt":"2024-12-11T08:35:49","slug":"connexion","status":"publish","type":"page","link":"https:\/\/clubmicronet.net\/wordpress\/connexion\/","title":{"rendered":"Connexion"},"content":{"rendered":"<p>[et_pb_section fb_built=\u00a0\u00bb1&Prime; admin_label=\u00a0\u00bbACTIVITES\u00a0\u00bb _builder_version=\u00a0\u00bb4.21.0&Prime; _module_preset=\u00a0\u00bbdefault\u00a0\u00bb background_color=\u00a0\u00bb#FFFFFF\u00a0\u00bb background_image=\u00a0\u00bbhttps:\/\/clubmicronet.net\/wordpress\/wp-content\/uploads\/2021\/04\/Clavier-blanc.jpg\u00a0\u00bb min_height=\u00a0\u00bb703.2px\u00a0\u00bb custom_margin=\u00a0\u00bb0px||0px||false|false\u00a0\u00bb custom_padding=\u00a0\u00bb59px||0px||false|false\u00a0\u00bb border_radii=\u00a0\u00bbon|8px|8px|8px|8px\u00a0\u00bb border_style_all=\u00a0\u00bbnone\u00a0\u00bb global_colors_info=\u00a0\u00bb{}\u00a0\u00bb][et_pb_row _builder_version=\u00a0\u00bb4.16&Prime; _module_preset=\u00a0\u00bbdefault\u00a0\u00bb background_color=\u00a0\u00bbRGBA(0,0,0,0)\u00a0\u00bb width=\u00a0\u00bb100%\u00a0\u00bb max_width=\u00a0\u00bb1160px\u00a0\u00bb module_alignment=\u00a0\u00bbcenter\u00a0\u00bb custom_margin=\u00a0\u00bb10px|9px|10px|9px|false|false\u00a0\u00bb custom_padding=\u00a0\u00bb0px||0px||false|false\u00a0\u00bb background_last_edited=\u00a0\u00bbon|phone\u00a0\u00bb global_colors_info=\u00a0\u00bb{}\u00a0\u00bb][et_pb_column type=\u00a0\u00bb4_4&Prime; _builder_version=\u00a0\u00bb4.16&Prime; _module_preset=\u00a0\u00bbdefault\u00a0\u00bb global_colors_info=\u00a0\u00bb{}\u00a0\u00bb][et_pb_text admin_label=\u00a0\u00bbTexte\u00a0\u00bb _builder_version=\u00a0\u00bb4.27.4&Prime; _module_preset=\u00a0\u00bbdefault\u00a0\u00bb text_font=\u00a0\u00bbMontserrat|||on|||||\u00a0\u00bb text_text_color=\u00a0\u00bb#FFFFFF\u00a0\u00bb text_font_size=\u00a0\u00bb22px\u00a0\u00bb header_font=\u00a0\u00bb|600|||||||\u00a0\u00bb header_text_color=\u00a0\u00bb#000000&Prime; header_font_size=\u00a0\u00bb22px\u00a0\u00bb header_letter_spacing=\u00a0\u00bb9px\u00a0\u00bb background_color=\u00a0\u00bbgcid-c7530698-717f-4069-b499-e67a0a16690c\u00a0\u00bb background_enable_color=\u00a0\u00bbon\u00a0\u00bb width=\u00a0\u00bb100%\u00a0\u00bb min_height=\u00a0\u00bb71px\u00a0\u00bb custom_margin=\u00a0\u00bb0px||0px||false|false\u00a0\u00bb custom_padding=\u00a0\u00bb22px||6px||false|false\u00a0\u00bb hover_enabled=\u00a0\u00bb0&Prime; border_radii=\u00a0\u00bbon|16px|16px|16px|16px\u00a0\u00bb border_width_all=\u00a0\u00bb3px\u00a0\u00bb box_shadow_style=\u00a0\u00bbpreset2&Prime; saved_tabs=\u00a0\u00bball\u00a0\u00bb locked=\u00a0\u00bboff\u00a0\u00bb global_colors_info=\u00a0\u00bb{%22gcid-c7530698-717f-4069-b499-e67a0a16690c%22:%91%22background_color%22%93}\u00a0\u00bb sticky_enabled=\u00a0\u00bb0&Prime;]<\/p>\n<h1 style=\"text-align: center;\"><span style=\"color: #0e1b12;\">se connecter<\/span><\/h1>\n<p>[\/et_pb_text][\/et_pb_column][\/et_pb_row][et_pb_row _builder_version=\u00a0\u00bb4.16&Prime; _module_preset=\u00a0\u00bbdefault\u00a0\u00bb background_color=\u00a0\u00bbRGBA(0,0,0,0)\u00a0\u00bb width=\u00a0\u00bb100%\u00a0\u00bb max_width=\u00a0\u00bb1160px\u00a0\u00bb module_alignment=\u00a0\u00bbcenter\u00a0\u00bb custom_margin=\u00a0\u00bb59px|9px|10px|9px|false|false\u00a0\u00bb custom_padding=\u00a0\u00bb0px||0px||false|false\u00a0\u00bb background_last_edited=\u00a0\u00bbon|phone\u00a0\u00bb border_color_all=\u00a0\u00bb#33965F\u00a0\u00bb global_colors_info=\u00a0\u00bb{%22gcid-c7530698-717f-4069-b499-e67a0a16690c%22:%91%93,%22gcid-f74f3254-d6f3-44dd-acdf-a5a92f1e441e%22:%91%93}\u00a0\u00bb min_height__hover_enabled=\u00a0\u00bbon|desktop\u00a0\u00bb][et_pb_column type=\u00a0\u00bb4_4&Prime; _builder_version=\u00a0\u00bb4.16&Prime; _module_preset=\u00a0\u00bbdefault\u00a0\u00bb global_colors_info=\u00a0\u00bb{}\u00a0\u00bb][et_pb_login title=\u00a0\u00bbSe connecter\u00a0\u00bb _builder_version=\u00a0\u00bb4.27.4&Prime; _module_preset=\u00a0\u00bbdefault\u00a0\u00bb header_text_color=\u00a0\u00bb#000000&Prime; header_font_size=\u00a0\u00bb26px\u00a0\u00bb body_text_color=\u00a0\u00bb#000000&Prime; body_font_size=\u00a0\u00bb16px\u00a0\u00bb background_color=\u00a0\u00bbgcid-c7530698-717f-4069-b499-e67a0a16690c\u00a0\u00bb custom_button=\u00a0\u00bbon\u00a0\u00bb button_text_size=\u00a0\u00bb20px\u00a0\u00bb button_text_color=\u00a0\u00bb#225555&Prime; button_bg_color=\u00a0\u00bb#50ED94&Prime; button_border_color=\u00a0\u00bb#50ED94&Prime; button_border_radius=\u00a0\u00bb8px\u00a0\u00bb button_icon=\u00a0\u00bb&#x49;||divi||400&Prime; custom_margin=\u00a0\u00bb40px||||false|false\u00a0\u00bb custom_padding=\u00a0\u00bb47px||||false|false\u00a0\u00bb hover_enabled=\u00a0\u00bb0&Prime; border_radii=\u00a0\u00bboff|8px|8px|8px|8px\u00a0\u00bb border_width_all=\u00a0\u00bb3px\u00a0\u00bb border_color_all=\u00a0\u00bb#33965F\u00a0\u00bb border_style_all=\u00a0\u00bbnone\u00a0\u00bb border_radii_fields=\u00a0\u00bboff|8px|8px|8px|8px\u00a0\u00bb border_width_all_fields=\u00a0\u00bb1px\u00a0\u00bb border_color_all_fields=\u00a0\u00bb#33965F\u00a0\u00bb global_colors_info=\u00a0\u00bb{%22gcid-c7530698-717f-4069-b499-e67a0a16690c%22:%91%22background_color%22%93}\u00a0\u00bb sticky_enabled=\u00a0\u00bb0&Prime;]<\/p>\n<p>Vous \u00eates administrateur ou r\u00e9dacteur de ce site ?<br \/>Pour l&rsquo;administrer, connectez-vous avec votre identifiant.<\/p>\n<p>[\/et_pb_login][\/et_pb_column][\/et_pb_row][\/et_pb_section]<\/p>\n","protected":false},"excerpt":{"rendered":"<p>se connecterVous \u00eates administrateur ou r\u00e9dacteur de ce site ?Pour l&rsquo;administrer, connectez-vous avec votre identifiant.<\/p>\n","protected":false},"author":1,"featured_media":0,"parent":0,"menu_order":0,"comment_status":"closed","ping_status":"closed","template":"","meta":{"_et_pb_use_builder":"on","_et_pb_old_content":"","_et_gb_content_width":"","footnotes":""},"class_list":["post-3037","page","type-page","status-publish","hentry"],"yoast_head":"<!-- This site is optimized with the Yoast SEO plugin v27.5 - https:\/\/yoast.com\/product\/yoast-seo-wordpress\/ -->\n<title>Connexion - Club Informatique Micronet Vincennes<\/title>\n<meta name=\"robots\" content=\"index, follow, max-snippet:-1, max-image-preview:large, max-video-preview:-1\" \/>\n<link rel=\"canonical\" href=\"https:\/\/clubmicronet.net\/wordpress\/connexion\/\" \/>\n<meta property=\"og:locale\" content=\"fr_FR\" \/>\n<meta property=\"og:type\" content=\"article\" \/>\n<meta property=\"og:title\" content=\"Connexion - Club Informatique Micronet Vincennes\" \/>\n<meta property=\"og:description\" content=\"se connecterVous \u00eates administrateur ou r\u00e9dacteur de ce site ?Pour l&#039;administrer, connectez-vous avec votre identifiant.\" \/>\n<meta property=\"og:url\" content=\"https:\/\/clubmicronet.net\/wordpress\/connexion\/\" \/>\n<meta property=\"og:site_name\" content=\"Club Informatique Micronet Vincennes\" \/>\n<meta property=\"article:publisher\" content=\"https:\/\/www.facebook.com\/ClubMicronetVincennes\/\" \/>\n<meta property=\"article:modified_time\" content=\"2024-12-11T08:35:49+00:00\" \/>\n<meta name=\"twitter:card\" content=\"summary_large_image\" \/>\n<meta name=\"twitter:label1\" content=\"Dur\u00e9e de lecture estim\u00e9e\" \/>\n\t<meta name=\"twitter:data1\" content=\"1 minute\" \/>\n<script type=\"application\/ld+json\" class=\"yoast-schema-graph\">{\"@context\":\"https:\\\/\\\/schema.org\",\"@graph\":[{\"@type\":\"WebPage\",\"@id\":\"https:\\\/\\\/clubmicronet.net\\\/wordpress\\\/connexion\\\/\",\"url\":\"https:\\\/\\\/clubmicronet.net\\\/wordpress\\\/connexion\\\/\",\"name\":\"Connexion - Club Informatique Micronet Vincennes\",\"isPartOf\":{\"@id\":\"https:\\\/\\\/clubmicronet.net\\\/wordpress\\\/#website\"},\"datePublished\":\"2022-06-07T12:46:16+00:00\",\"dateModified\":\"2024-12-11T08:35:49+00:00\",\"breadcrumb\":{\"@id\":\"https:\\\/\\\/clubmicronet.net\\\/wordpress\\\/connexion\\\/#breadcrumb\"},\"inLanguage\":\"fr-FR\",\"potentialAction\":[{\"@type\":\"ReadAction\",\"target\":[\"https:\\\/\\\/clubmicronet.net\\\/wordpress\\\/connexion\\\/\"]}]},{\"@type\":\"BreadcrumbList\",\"@id\":\"https:\\\/\\\/clubmicronet.net\\\/wordpress\\\/connexion\\\/#breadcrumb\",\"itemListElement\":[{\"@type\":\"ListItem\",\"position\":1,\"name\":\"Accueil\",\"item\":\"https:\\\/\\\/clubmicronet.net\\\/wordpress\\\/\"},{\"@type\":\"ListItem\",\"position\":2,\"name\":\"Connexion\"}]},{\"@type\":\"WebSite\",\"@id\":\"https:\\\/\\\/clubmicronet.net\\\/wordpress\\\/#website\",\"url\":\"https:\\\/\\\/clubmicronet.net\\\/wordpress\\\/\",\"name\":\"Club Informatique Micronet Vincennes\",\"description\":\"Le Club d&#039;informatique \u00e0 Vincennes, anim\u00e9 par des b\u00e9n\u00e9voles, vous accueille dans une atmosph\u00e8re conviviale, vous aide \u00e0 d\u00e9finir et atteindre vos objectifs dans le domaine de l\u2019informatique.\",\"publisher\":{\"@id\":\"https:\\\/\\\/clubmicronet.net\\\/wordpress\\\/#organization\"},\"potentialAction\":[{\"@type\":\"SearchAction\",\"target\":{\"@type\":\"EntryPoint\",\"urlTemplate\":\"https:\\\/\\\/clubmicronet.net\\\/wordpress\\\/?s={search_term_string}\"},\"query-input\":{\"@type\":\"PropertyValueSpecification\",\"valueRequired\":true,\"valueName\":\"search_term_string\"}}],\"inLanguage\":\"fr-FR\"},{\"@type\":\"Organization\",\"@id\":\"https:\\\/\\\/clubmicronet.net\\\/wordpress\\\/#organization\",\"name\":\"Club Micronet Vincennes\",\"url\":\"https:\\\/\\\/clubmicronet.net\\\/wordpress\\\/\",\"logo\":{\"@type\":\"ImageObject\",\"inLanguage\":\"fr-FR\",\"@id\":\"https:\\\/\\\/clubmicronet.net\\\/wordpress\\\/#\\\/schema\\\/logo\\\/image\\\/\",\"url\":\"https:\\\/\\\/clubmicronet.net\\\/wordpress\\\/wp-content\\\/uploads\\\/2021\\\/05\\\/logo-club.jpg\",\"contentUrl\":\"https:\\\/\\\/clubmicronet.net\\\/wordpress\\\/wp-content\\\/uploads\\\/2021\\\/05\\\/logo-club.jpg\",\"width\":217,\"height\":214,\"caption\":\"Club Micronet Vincennes\"},\"image\":{\"@id\":\"https:\\\/\\\/clubmicronet.net\\\/wordpress\\\/#\\\/schema\\\/logo\\\/image\\\/\"},\"sameAs\":[\"https:\\\/\\\/www.facebook.com\\\/ClubMicronetVincennes\\\/\"]}]}<\/script>\n<!-- \/ Yoast SEO plugin. -->","yoast_head_json":{"title":"Connexion - Club Informatique Micronet Vincennes","robots":{"index":"index","follow":"follow","max-snippet":"max-snippet:-1","max-image-preview":"max-image-preview:large","max-video-preview":"max-video-preview:-1"},"canonical":"https:\/\/clubmicronet.net\/wordpress\/connexion\/","og_locale":"fr_FR","og_type":"article","og_title":"Connexion - Club Informatique Micronet Vincennes","og_description":"se connecterVous \u00eates administrateur ou r\u00e9dacteur de ce site ?Pour l'administrer, connectez-vous avec votre identifiant.","og_url":"https:\/\/clubmicronet.net\/wordpress\/connexion\/","og_site_name":"Club Informatique Micronet Vincennes","article_publisher":"https:\/\/www.facebook.com\/ClubMicronetVincennes\/","article_modified_time":"2024-12-11T08:35:49+00:00","twitter_card":"summary_large_image","twitter_misc":{"Dur\u00e9e de lecture estim\u00e9e":"1 minute"},"schema":{"@context":"https:\/\/schema.org","@graph":[{"@type":"WebPage","@id":"https:\/\/clubmicronet.net\/wordpress\/connexion\/","url":"https:\/\/clubmicronet.net\/wordpress\/connexion\/","name":"Connexion - Club Informatique Micronet Vincennes","isPartOf":{"@id":"https:\/\/clubmicronet.net\/wordpress\/#website"},"datePublished":"2022-06-07T12:46:16+00:00","dateModified":"2024-12-11T08:35:49+00:00","breadcrumb":{"@id":"https:\/\/clubmicronet.net\/wordpress\/connexion\/#breadcrumb"},"inLanguage":"fr-FR","potentialAction":[{"@type":"ReadAction","target":["https:\/\/clubmicronet.net\/wordpress\/connexion\/"]}]},{"@type":"BreadcrumbList","@id":"https:\/\/clubmicronet.net\/wordpress\/connexion\/#breadcrumb","itemListElement":[{"@type":"ListItem","position":1,"name":"Accueil","item":"https:\/\/clubmicronet.net\/wordpress\/"},{"@type":"ListItem","position":2,"name":"Connexion"}]},{"@type":"WebSite","@id":"https:\/\/clubmicronet.net\/wordpress\/#website","url":"https:\/\/clubmicronet.net\/wordpress\/","name":"Club Informatique Micronet Vincennes","description":"Le Club d&#039;informatique \u00e0 Vincennes, anim\u00e9 par des b\u00e9n\u00e9voles, vous accueille dans une atmosph\u00e8re conviviale, vous aide \u00e0 d\u00e9finir et atteindre vos objectifs dans le domaine de l\u2019informatique.","publisher":{"@id":"https:\/\/clubmicronet.net\/wordpress\/#organization"},"potentialAction":[{"@type":"SearchAction","target":{"@type":"EntryPoint","urlTemplate":"https:\/\/clubmicronet.net\/wordpress\/?s={search_term_string}"},"query-input":{"@type":"PropertyValueSpecification","valueRequired":true,"valueName":"search_term_string"}}],"inLanguage":"fr-FR"},{"@type":"Organization","@id":"https:\/\/clubmicronet.net\/wordpress\/#organization","name":"Club Micronet Vincennes","url":"https:\/\/clubmicronet.net\/wordpress\/","logo":{"@type":"ImageObject","inLanguage":"fr-FR","@id":"https:\/\/clubmicronet.net\/wordpress\/#\/schema\/logo\/image\/","url":"https:\/\/clubmicronet.net\/wordpress\/wp-content\/uploads\/2021\/05\/logo-club.jpg","contentUrl":"https:\/\/clubmicronet.net\/wordpress\/wp-content\/uploads\/2021\/05\/logo-club.jpg","width":217,"height":214,"caption":"Club Micronet Vincennes"},"image":{"@id":"https:\/\/clubmicronet.net\/wordpress\/#\/schema\/logo\/image\/"},"sameAs":["https:\/\/www.facebook.com\/ClubMicronetVincennes\/"]}]}},"_links":{"self":[{"href":"https:\/\/clubmicronet.net\/wordpress\/wp-json\/wp\/v2\/pages\/3037","targetHints":{"allow":["GET"]}}],"collection":[{"href":"https:\/\/clubmicronet.net\/wordpress\/wp-json\/wp\/v2\/pages"}],"about":[{"href":"https:\/\/clubmicronet.net\/wordpress\/wp-json\/wp\/v2\/types\/page"}],"author":[{"embeddable":true,"href":"https:\/\/clubmicronet.net\/wordpress\/wp-json\/wp\/v2\/users\/1"}],"replies":[{"embeddable":true,"href":"https:\/\/clubmicronet.net\/wordpress\/wp-json\/wp\/v2\/comments?post=3037"}],"version-history":[{"count":12,"href":"https:\/\/clubmicronet.net\/wordpress\/wp-json\/wp\/v2\/pages\/3037\/revisions"}],"predecessor-version":[{"id":4320,"href":"https:\/\/clubmicronet.net\/wordpress\/wp-json\/wp\/v2\/pages\/3037\/revisions\/4320"}],"wp:attachment":[{"href":"https:\/\/clubmicronet.net\/wordpress\/wp-json\/wp\/v2\/media?parent=3037"}],"curies":[{"name":"wp","href":"https:\/\/api.w.org\/{rel}","templated":true}]}}