{"id":4449,"date":"2025-04-15T15:16:34","date_gmt":"2025-04-15T13:16:34","guid":{"rendered":"https:\/\/clubmicronet.net\/wordpress\/?page_id=4449"},"modified":"2025-06-29T00:47:59","modified_gmt":"2025-06-28T22:47:59","slug":"libre-service","status":"publish","type":"page","link":"https:\/\/clubmicronet.net\/wordpress\/libre-service\/","title":{"rendered":"Libres services"},"content":{"rendered":"<p>[et_pb_section fb_built=\u00a0\u00bb1&Prime; _builder_version=\u00a0\u00bb4.21.0&Prime; _module_preset=\u00a0\u00bbdefault\u00a0\u00bb background_image=\u00a0\u00bbhttps:\/\/clubmicronet.net\/wordpress\/wp-content\/uploads\/2021\/04\/Clavier-blanc.jpg\u00a0\u00bb global_colors_info=\u00a0\u00bb{}\u00a0\u00bb][et_pb_row use_custom_gutter=\u00a0\u00bbon\u00a0\u00bb gutter_width=\u00a0\u00bb2&Prime; _builder_version=\u00a0\u00bb4.21.0&Prime; _module_preset=\u00a0\u00bbdefault\u00a0\u00bb width=\u00a0\u00bb100%\u00a0\u00bb width_tablet=\u00a0\u00bb100%\u00a0\u00bb width_phone=\u00a0\u00bb100%\u00a0\u00bb width_last_edited=\u00a0\u00bbon|phone\u00a0\u00bb max_width=\u00a0\u00bb1066px\u00a0\u00bb max_width_tablet=\u00a0\u00bb1066px\u00a0\u00bb max_width_phone=\u00a0\u00bb2560px\u00a0\u00bb max_width_last_edited=\u00a0\u00bbon|desktop\u00a0\u00bb module_alignment=\u00a0\u00bbcenter\u00a0\u00bb global_colors_info=\u00a0\u00bb{}\u00a0\u00bb][et_pb_column type=\u00a0\u00bb4_4&Prime; _builder_version=\u00a0\u00bb4.21.0&Prime; _module_preset=\u00a0\u00bbdefault\u00a0\u00bb global_colors_info=\u00a0\u00bb{}\u00a0\u00bb][et_pb_text _builder_version=\u00a0\u00bb4.27.4&Prime; _module_preset=\u00a0\u00bbdefault\u00a0\u00bb background_color=\u00a0\u00bbgcid-c7530698-717f-4069-b499-e67a0a16690c\u00a0\u00bb background_enable_color=\u00a0\u00bbon\u00a0\u00bb custom_padding=\u00a0\u00bb10px||||false|false\u00a0\u00bb border_radii=\u00a0\u00bbon|10px|10px|10px|10px\u00a0\u00bb border_width_all=\u00a0\u00bb2px\u00a0\u00bb global_colors_info=\u00a0\u00bb{%22gcid-c7530698-717f-4069-b499-e67a0a16690c%22:%91%22background_color%22%93}\u00a0\u00bb]<\/p>\n<h3 style=\"text-align: center;\">AIDES PERSONNALIS\u00c9ES et LIBRES-SERVICES<\/h3>\n<p>[\/et_pb_text][\/et_pb_column][\/et_pb_row][et_pb_row use_custom_gutter=\u00a0\u00bbon\u00a0\u00bb gutter_width=\u00a0\u00bb2&Prime; _builder_version=\u00a0\u00bb4.21.0&Prime; _module_preset=\u00a0\u00bbdefault\u00a0\u00bb width=\u00a0\u00bb100%\u00a0\u00bb width_tablet=\u00a0\u00bb100%\u00a0\u00bb width_phone=\u00a0\u00bb100%\u00a0\u00bb width_last_edited=\u00a0\u00bbon|phone\u00a0\u00bb max_width=\u00a0\u00bb1066px\u00a0\u00bb max_width_tablet=\u00a0\u00bb1066px\u00a0\u00bb max_width_phone=\u00a0\u00bb2560px\u00a0\u00bb max_width_last_edited=\u00a0\u00bbon|desktop\u00a0\u00bb module_alignment=\u00a0\u00bbcenter\u00a0\u00bb global_colors_info=\u00a0\u00bb{}\u00a0\u00bb][et_pb_column type=\u00a0\u00bb4_4&Prime; _builder_version=\u00a0\u00bb4.21.0&Prime; _module_preset=\u00a0\u00bbdefault\u00a0\u00bb global_colors_info=\u00a0\u00bb{}\u00a0\u00bb][et_pb_button button_url=\u00a0\u00bb@ET-DC@eyJkeW5hbWljIjp0cnVlLCJjb250ZW50IjoicG9zdF9saW5rX3VybF9wYWdlIiwic2V0dGluZ3MiOnsicG9zdF9pZCI6Ijk1OSJ9fQ==@\u00a0\u00bb button_text=\u00a0\u00bbPage pr\u00e9c\u00e9dente\u00a0\u00bb button_alignment=\u00a0\u00bbleft\u00a0\u00bb _builder_version=\u00a0\u00bb4.27.4&Prime; _dynamic_attributes=\u00a0\u00bbbutton_url\u00a0\u00bb _module_preset=\u00a0\u00bbdefault\u00a0\u00bb custom_button=\u00a0\u00bbon\u00a0\u00bb button_text_size=\u00a0\u00bb14px\u00a0\u00bb button_text_color=\u00a0\u00bbgcid-8fa1053f-9935-4c74-8c48-56599050085e\u00a0\u00bb button_bg_color=\u00a0\u00bbgcid-c7530698-717f-4069-b499-e67a0a16690c\u00a0\u00bb background_layout=\u00a0\u00bbdark\u00a0\u00bb custom_padding=\u00a0\u00bb8px|3px||3px|false|true\u00a0\u00bb box_shadow_style=\u00a0\u00bbpreset1&Prime; global_colors_info=\u00a0\u00bb{%22gcid-8fa1053f-9935-4c74-8c48-56599050085e%22:%91%22button_text_color%22%93,%22gcid-c7530698-717f-4069-b499-e67a0a16690c%22:%91%22button_bg_color%22%93}\u00a0\u00bb][\/et_pb_button][\/et_pb_column][\/et_pb_row][et_pb_row column_structure=\u00a0\u00bb1_3,1_3,1_3&Prime; use_custom_gutter=\u00a0\u00bbon\u00a0\u00bb gutter_width=\u00a0\u00bb2&Prime; _builder_version=\u00a0\u00bb4.27.4&Prime; _module_preset=\u00a0\u00bbdefault\u00a0\u00bb width=\u00a0\u00bb100%\u00a0\u00bb width_tablet=\u00a0\u00bb100%\u00a0\u00bb width_phone=\u00a0\u00bb100%\u00a0\u00bb width_last_edited=\u00a0\u00bbon|phone\u00a0\u00bb max_width=\u00a0\u00bb1066px\u00a0\u00bb max_width_tablet=\u00a0\u00bb1066px\u00a0\u00bb max_width_phone=\u00a0\u00bb2560px\u00a0\u00bb max_width_last_edited=\u00a0\u00bbon|desktop\u00a0\u00bb module_alignment=\u00a0\u00bbcenter\u00a0\u00bb custom_padding=\u00a0\u00bb0px||||false|false\u00a0\u00bb global_colors_info=\u00a0\u00bb{}\u00a0\u00bb][et_pb_column type=\u00a0\u00bb1_3&Prime; _builder_version=\u00a0\u00bb4.21.0&Prime; _module_preset=\u00a0\u00bbdefault\u00a0\u00bb global_colors_info=\u00a0\u00bb{}\u00a0\u00bb][et_pb_cta title=\u00a0\u00bbMardi 16 h &#8211; 17 h 30 \u00a0\u00bb button_url=\u00a0\u00bb@ET-DC@eyJkeW5hbWljIjp0cnVlLCJjb250ZW50IjoicG9zdF9saW5rX3VybF9hdHRhY2htZW50Iiwic2V0dGluZ3MiOnsicG9zdF9pZCI6IjQ1NDAifX0=@\u00a0\u00bb url_new_window=\u00a0\u00bbon\u00a0\u00bb button_text=\u00a0\u00bbVoir\u00a0\u00bb _builder_version=\u00a0\u00bb4.27.4&Prime; _dynamic_attributes=\u00a0\u00bbbutton_url\u00a0\u00bb _module_preset=\u00a0\u00bbdefault\u00a0\u00bb header_text_color=\u00a0\u00bbgcid-8fa1053f-9935-4c74-8c48-56599050085e\u00a0\u00bb background_color=\u00a0\u00bbgcid-c7530698-717f-4069-b499-e67a0a16690c\u00a0\u00bb custom_button=\u00a0\u00bbon\u00a0\u00bb button_text_color=\u00a0\u00bbgcid-8fa1053f-9935-4c74-8c48-56599050085e\u00a0\u00bb button_font=\u00a0\u00bb|||on|||||\u00a0\u00bb height=\u00a0\u00bb405px\u00a0\u00bb custom_padding=\u00a0\u00bb||0px||false|false\u00a0\u00bb link_option_url_new_window=\u00a0\u00bbon\u00a0\u00bb border_radii=\u00a0\u00bbon|10px|10px|10px|10px\u00a0\u00bb border_width_all=\u00a0\u00bb2px\u00a0\u00bb global_colors_info=\u00a0\u00bb{%22gcid-8fa1053f-9935-4c74-8c48-56599050085e%22:%91%22header_text_color%22,%22button_text_color%22,%22button_text_color%22,%22header_text_color%22,%22button_text_color%22,%22header_text_color%22%93,%22gcid-c7530698-717f-4069-b499-e67a0a16690c%22:%91%22background_color%22%93,%22gcid-ad1367db-edc9-436f-adc4-c83df366a8e8%22:%91%22background_color%22,%22background_color%22,%22background_color%22,%22background_color%22%93}\u00a0\u00bb]<\/p>\n<p><img loading=\"lazy\" decoding=\"async\" src=\"https:\/\/clubmicronet.net\/wordpress\/wp-content\/uploads\/2025\/06\/Aide-P-mardi-210x300.png\" width=\"160\" height=\"228\" alt=\"\" class=\"wp-image-4570 alignnone size-medium\" style=\"display: block; margin-left: auto; margin-right: auto;\" srcset=\"https:\/\/clubmicronet.net\/wordpress\/wp-content\/uploads\/2025\/06\/Aide-P-mardi-210x300.png 210w, https:\/\/clubmicronet.net\/wordpress\/wp-content\/uploads\/2025\/06\/Aide-P-mardi.png 263w\" sizes=\"(max-width: 160px) 100vw, 160px\" \/><\/p>\n<p>[\/et_pb_cta][\/et_pb_column][et_pb_column type=\u00a0\u00bb1_3&Prime; _builder_version=\u00a0\u00bb4.21.0&Prime; _module_preset=\u00a0\u00bbdefault\u00a0\u00bb global_colors_info=\u00a0\u00bb{}\u00a0\u00bb][et_pb_cta title=\u00a0\u00bbMercredi 14 h &#8211; 16 h\u00a0\u00bb button_url=\u00a0\u00bb@ET-DC@eyJkeW5hbWljIjp0cnVlLCJjb250ZW50IjoicG9zdF9saW5rX3VybF9hdHRhY2htZW50Iiwic2V0dGluZ3MiOnsicG9zdF9pZCI6IjQ1NDEifX0=@\u00a0\u00bb url_new_window=\u00a0\u00bbon\u00a0\u00bb button_text=\u00a0\u00bbVoir\u00a0\u00bb _builder_version=\u00a0\u00bb4.27.4&Prime; _dynamic_attributes=\u00a0\u00bbbutton_url\u00a0\u00bb _module_preset=\u00a0\u00bbdefault\u00a0\u00bb header_text_color=\u00a0\u00bbgcid-8fa1053f-9935-4c74-8c48-56599050085e\u00a0\u00bb background_color=\u00a0\u00bbgcid-c7530698-717f-4069-b499-e67a0a16690c\u00a0\u00bb custom_button=\u00a0\u00bbon\u00a0\u00bb button_text_color=\u00a0\u00bbgcid-8fa1053f-9935-4c74-8c48-56599050085e\u00a0\u00bb button_font=\u00a0\u00bb|||on|||||\u00a0\u00bb height=\u00a0\u00bb405px\u00a0\u00bb custom_padding=\u00a0\u00bb||0px||false|false\u00a0\u00bb link_option_url_new_window=\u00a0\u00bbon\u00a0\u00bb border_radii=\u00a0\u00bbon|10px|10px|10px|10px\u00a0\u00bb border_width_all=\u00a0\u00bb2px\u00a0\u00bb global_colors_info=\u00a0\u00bb{%22gcid-8fa1053f-9935-4c74-8c48-56599050085e%22:%91%22header_text_color%22,%22button_text_color%22,%22button_text_color%22,%22header_text_color%22,%22button_text_color%22,%22header_text_color%22,%22button_text_color%22,%22header_text_color%22,%22button_text_color%22,%22header_text_color%22%93,%22gcid-c7530698-717f-4069-b499-e67a0a16690c%22:%91%22background_color%22%93,%22gcid-ad1367db-edc9-436f-adc4-c83df366a8e8%22:%91%22background_color%22,%22background_color%22,%22background_color%22,%22background_color%22,%22background_color%22,%22background_color%22,%22background_color%22,%22background_color%22,%22background_color%22%93}\u00a0\u00bb]<\/p>\n<p style=\"text-align: center;\"><img loading=\"lazy\" decoding=\"async\" src=\"https:\/\/clubmicronet.net\/wordpress\/wp-content\/uploads\/2025\/06\/Aide-P-mercredi-208x300.png\" width=\"160\" height=\"230\" alt=\"\" class=\"wp-image-4569 alignnone size-medium\" srcset=\"https:\/\/clubmicronet.net\/wordpress\/wp-content\/uploads\/2025\/06\/Aide-P-mercredi-208x300.png 208w, https:\/\/clubmicronet.net\/wordpress\/wp-content\/uploads\/2025\/06\/Aide-P-mercredi.png 259w\" sizes=\"(max-width: 160px) 100vw, 160px\" \/><\/p>\n<p>[\/et_pb_cta][\/et_pb_column][et_pb_column type=\u00a0\u00bb1_3&Prime; _builder_version=\u00a0\u00bb4.21.0&Prime; _module_preset=\u00a0\u00bbdefault\u00a0\u00bb global_colors_info=\u00a0\u00bb{}\u00a0\u00bb][et_pb_cta title=\u00a0\u00bbJeudi 16 h &#8211; 18 h \u00a0\u00bb button_url=\u00a0\u00bb@ET-DC@eyJkeW5hbWljIjp0cnVlLCJjb250ZW50IjoicG9zdF9saW5rX3VybF9hdHRhY2htZW50Iiwic2V0dGluZ3MiOnsicG9zdF9pZCI6IjQ1NDIifX0=@\u00a0\u00bb url_new_window=\u00a0\u00bbon\u00a0\u00bb button_text=\u00a0\u00bbVoir\u00a0\u00bb _builder_version=\u00a0\u00bb4.27.4&Prime; _dynamic_attributes=\u00a0\u00bbbutton_url\u00a0\u00bb _module_preset=\u00a0\u00bbdefault\u00a0\u00bb header_text_color=\u00a0\u00bbgcid-8fa1053f-9935-4c74-8c48-56599050085e\u00a0\u00bb background_color=\u00a0\u00bbgcid-c7530698-717f-4069-b499-e67a0a16690c\u00a0\u00bb custom_button=\u00a0\u00bbon\u00a0\u00bb button_text_color=\u00a0\u00bbgcid-8fa1053f-9935-4c74-8c48-56599050085e\u00a0\u00bb button_font=\u00a0\u00bb|||on|||||\u00a0\u00bb height=\u00a0\u00bb405px\u00a0\u00bb custom_padding=\u00a0\u00bb||0px||false|false\u00a0\u00bb link_option_url_new_window=\u00a0\u00bbon\u00a0\u00bb border_radii=\u00a0\u00bbon|10px|10px|10px|10px\u00a0\u00bb border_width_all=\u00a0\u00bb2px\u00a0\u00bb global_colors_info=\u00a0\u00bb{%22gcid-8fa1053f-9935-4c74-8c48-56599050085e%22:%91%22header_text_color%22,%22button_text_color%22,%22button_text_color%22,%22header_text_color%22,%22button_text_color%22,%22header_text_color%22,%22button_text_color%22,%22header_text_color%22,%22button_text_color%22,%22header_text_color%22%93,%22gcid-c7530698-717f-4069-b499-e67a0a16690c%22:%91%22background_color%22%93,%22gcid-ad1367db-edc9-436f-adc4-c83df366a8e8%22:%91%22background_color%22,%22background_color%22,%22background_color%22,%22background_color%22,%22background_color%22,%22background_color%22,%22background_color%22,%22background_color%22,%22background_color%22%93}\u00a0\u00bb]<\/p>\n<p style=\"text-align: center;\"><img loading=\"lazy\" decoding=\"async\" src=\"https:\/\/clubmicronet.net\/wordpress\/wp-content\/uploads\/2025\/06\/Aide-P-jundi-211x300.png\" width=\"160\" height=\"227\" alt=\"\" class=\"wp-image-4568 alignnone size-medium\" srcset=\"https:\/\/clubmicronet.net\/wordpress\/wp-content\/uploads\/2025\/06\/Aide-P-jundi-211x300.png 211w, https:\/\/clubmicronet.net\/wordpress\/wp-content\/uploads\/2025\/06\/Aide-P-jundi.png 292w\" sizes=\"(max-width: 160px) 100vw, 160px\" \/><\/p>\n<p>[\/et_pb_cta][\/et_pb_column][\/et_pb_row][\/et_pb_section][et_pb_section fb_built=\u00a0\u00bb1&Prime; _builder_version=\u00a0\u00bb4.16&Prime; _module_preset=\u00a0\u00bbdefault\u00a0\u00bb background_color=\u00a0\u00bb#013335&Prime; custom_margin=\u00a0\u00bb0px|0px|0px|0px|true|true\u00a0\u00bb custom_padding=\u00a0\u00bb0px|0px|0px|0px|true|true\u00a0\u00bb global_colors_info=\u00a0\u00bb{}\u00a0\u00bb][et_pb_row _builder_version=\u00a0\u00bb4.16&Prime; _module_preset=\u00a0\u00bbdefault\u00a0\u00bb module_alignment=\u00a0\u00bbcenter\u00a0\u00bb custom_margin=\u00a0\u00bb0px|0px|0px|0px|false|false\u00a0\u00bb custom_padding=\u00a0\u00bb0px|0px|0px|0px|false|false\u00a0\u00bb global_colors_info=\u00a0\u00bb{}\u00a0\u00bb][et_pb_column type=\u00a0\u00bb4_4&Prime; _builder_version=\u00a0\u00bb4.16&Prime; _module_preset=\u00a0\u00bbdefault\u00a0\u00bb global_colors_info=\u00a0\u00bb{}\u00a0\u00bb][\/et_pb_column][\/et_pb_row][\/et_pb_section]<\/p>\n","protected":false},"excerpt":{"rendered":"<p>AIDES PERSONNALIS\u00c9ES et LIBRES-SERVICES<\/p>\n","protected":false},"author":1,"featured_media":0,"parent":0,"menu_order":0,"comment_status":"closed","ping_status":"closed","template":"","meta":{"_et_pb_use_builder":"on","_et_pb_old_content":"","_et_gb_content_width":"","footnotes":""},"class_list":["post-4449","page","type-page","status-publish","hentry"],"yoast_head":"<!-- This site is optimized with the Yoast SEO plugin v27.4 - https:\/\/yoast.com\/product\/yoast-seo-wordpress\/ -->\n<title>Libres services - Club Informatique Micronet Vincennes<\/title>\n<meta name=\"robots\" content=\"index, follow, max-snippet:-1, max-image-preview:large, max-video-preview:-1\" \/>\n<link rel=\"canonical\" href=\"https:\/\/clubmicronet.net\/wordpress\/libre-service\/\" \/>\n<meta property=\"og:locale\" content=\"fr_FR\" \/>\n<meta property=\"og:type\" content=\"article\" \/>\n<meta property=\"og:title\" content=\"Libres services - Club Informatique Micronet Vincennes\" \/>\n<meta property=\"og:description\" content=\"AIDES PERSONNALIS\u00c9ES et LIBRES-SERVICES\" \/>\n<meta property=\"og:url\" content=\"https:\/\/clubmicronet.net\/wordpress\/libre-service\/\" \/>\n<meta property=\"og:site_name\" content=\"Club Informatique Micronet Vincennes\" \/>\n<meta property=\"article:publisher\" content=\"https:\/\/www.facebook.com\/ClubMicronetVincennes\/\" \/>\n<meta property=\"article:modified_time\" content=\"2025-06-28T22:47:59+00:00\" \/>\n<meta property=\"og:image\" content=\"https:\/\/clubmicronet.net\/wordpress\/wp-content\/uploads\/2025\/06\/Aide-P-mardi.png\" \/>\n\t<meta property=\"og:image:width\" content=\"263\" \/>\n\t<meta property=\"og:image:height\" content=\"375\" \/>\n\t<meta property=\"og:image:type\" content=\"image\/png\" \/>\n<meta name=\"twitter:card\" content=\"summary_large_image\" \/>\n<meta name=\"twitter:label1\" content=\"Dur\u00e9e de lecture estim\u00e9e\" \/>\n\t<meta name=\"twitter:data1\" content=\"1 minute\" \/>\n<script type=\"application\/ld+json\" class=\"yoast-schema-graph\">{\"@context\":\"https:\\\/\\\/schema.org\",\"@graph\":[{\"@type\":\"WebPage\",\"@id\":\"https:\\\/\\\/clubmicronet.net\\\/wordpress\\\/libre-service\\\/\",\"url\":\"https:\\\/\\\/clubmicronet.net\\\/wordpress\\\/libre-service\\\/\",\"name\":\"Libres services - Club Informatique Micronet Vincennes\",\"isPartOf\":{\"@id\":\"https:\\\/\\\/clubmicronet.net\\\/wordpress\\\/#website\"},\"primaryImageOfPage\":{\"@id\":\"https:\\\/\\\/clubmicronet.net\\\/wordpress\\\/libre-service\\\/#primaryimage\"},\"image\":{\"@id\":\"https:\\\/\\\/clubmicronet.net\\\/wordpress\\\/libre-service\\\/#primaryimage\"},\"thumbnailUrl\":\"https:\\\/\\\/clubmicronet.net\\\/wordpress\\\/wp-content\\\/uploads\\\/2025\\\/06\\\/Aide-P-mardi-210x300.png\",\"datePublished\":\"2025-04-15T13:16:34+00:00\",\"dateModified\":\"2025-06-28T22:47:59+00:00\",\"breadcrumb\":{\"@id\":\"https:\\\/\\\/clubmicronet.net\\\/wordpress\\\/libre-service\\\/#breadcrumb\"},\"inLanguage\":\"fr-FR\",\"potentialAction\":[{\"@type\":\"ReadAction\",\"target\":[\"https:\\\/\\\/clubmicronet.net\\\/wordpress\\\/libre-service\\\/\"]}]},{\"@type\":\"ImageObject\",\"inLanguage\":\"fr-FR\",\"@id\":\"https:\\\/\\\/clubmicronet.net\\\/wordpress\\\/libre-service\\\/#primaryimage\",\"url\":\"https:\\\/\\\/clubmicronet.net\\\/wordpress\\\/wp-content\\\/uploads\\\/2025\\\/06\\\/Aide-P-mardi.png\",\"contentUrl\":\"https:\\\/\\\/clubmicronet.net\\\/wordpress\\\/wp-content\\\/uploads\\\/2025\\\/06\\\/Aide-P-mardi.png\",\"width\":263,\"height\":375},{\"@type\":\"BreadcrumbList\",\"@id\":\"https:\\\/\\\/clubmicronet.net\\\/wordpress\\\/libre-service\\\/#breadcrumb\",\"itemListElement\":[{\"@type\":\"ListItem\",\"position\":1,\"name\":\"Accueil\",\"item\":\"https:\\\/\\\/clubmicronet.net\\\/wordpress\\\/\"},{\"@type\":\"ListItem\",\"position\":2,\"name\":\"Libres services\"}]},{\"@type\":\"WebSite\",\"@id\":\"https:\\\/\\\/clubmicronet.net\\\/wordpress\\\/#website\",\"url\":\"https:\\\/\\\/clubmicronet.net\\\/wordpress\\\/\",\"name\":\"Club Informatique Micronet Vincennes\",\"description\":\"Le Club d&#039;informatique \u00e0 Vincennes, anim\u00e9 par des b\u00e9n\u00e9voles, vous accueille dans une atmosph\u00e8re conviviale, vous aide \u00e0 d\u00e9finir et atteindre vos objectifs dans le domaine de l\u2019informatique.\",\"publisher\":{\"@id\":\"https:\\\/\\\/clubmicronet.net\\\/wordpress\\\/#organization\"},\"potentialAction\":[{\"@type\":\"SearchAction\",\"target\":{\"@type\":\"EntryPoint\",\"urlTemplate\":\"https:\\\/\\\/clubmicronet.net\\\/wordpress\\\/?s={search_term_string}\"},\"query-input\":{\"@type\":\"PropertyValueSpecification\",\"valueRequired\":true,\"valueName\":\"search_term_string\"}}],\"inLanguage\":\"fr-FR\"},{\"@type\":\"Organization\",\"@id\":\"https:\\\/\\\/clubmicronet.net\\\/wordpress\\\/#organization\",\"name\":\"Club Micronet Vincennes\",\"url\":\"https:\\\/\\\/clubmicronet.net\\\/wordpress\\\/\",\"logo\":{\"@type\":\"ImageObject\",\"inLanguage\":\"fr-FR\",\"@id\":\"https:\\\/\\\/clubmicronet.net\\\/wordpress\\\/#\\\/schema\\\/logo\\\/image\\\/\",\"url\":\"https:\\\/\\\/clubmicronet.net\\\/wordpress\\\/wp-content\\\/uploads\\\/2021\\\/05\\\/logo-club.jpg\",\"contentUrl\":\"https:\\\/\\\/clubmicronet.net\\\/wordpress\\\/wp-content\\\/uploads\\\/2021\\\/05\\\/logo-club.jpg\",\"width\":217,\"height\":214,\"caption\":\"Club Micronet Vincennes\"},\"image\":{\"@id\":\"https:\\\/\\\/clubmicronet.net\\\/wordpress\\\/#\\\/schema\\\/logo\\\/image\\\/\"},\"sameAs\":[\"https:\\\/\\\/www.facebook.com\\\/ClubMicronetVincennes\\\/\"]}]}<\/script>\n<!-- \/ Yoast SEO plugin. -->","yoast_head_json":{"title":"Libres services - Club Informatique Micronet Vincennes","robots":{"index":"index","follow":"follow","max-snippet":"max-snippet:-1","max-image-preview":"max-image-preview:large","max-video-preview":"max-video-preview:-1"},"canonical":"https:\/\/clubmicronet.net\/wordpress\/libre-service\/","og_locale":"fr_FR","og_type":"article","og_title":"Libres services - Club Informatique Micronet Vincennes","og_description":"AIDES PERSONNALIS\u00c9ES et LIBRES-SERVICES","og_url":"https:\/\/clubmicronet.net\/wordpress\/libre-service\/","og_site_name":"Club Informatique Micronet Vincennes","article_publisher":"https:\/\/www.facebook.com\/ClubMicronetVincennes\/","article_modified_time":"2025-06-28T22:47:59+00:00","og_image":[{"width":263,"height":375,"url":"https:\/\/clubmicronet.net\/wordpress\/wp-content\/uploads\/2025\/06\/Aide-P-mardi.png","type":"image\/png"}],"twitter_card":"summary_large_image","twitter_misc":{"Dur\u00e9e de lecture estim\u00e9e":"1 minute"},"schema":{"@context":"https:\/\/schema.org","@graph":[{"@type":"WebPage","@id":"https:\/\/clubmicronet.net\/wordpress\/libre-service\/","url":"https:\/\/clubmicronet.net\/wordpress\/libre-service\/","name":"Libres services - Club Informatique Micronet Vincennes","isPartOf":{"@id":"https:\/\/clubmicronet.net\/wordpress\/#website"},"primaryImageOfPage":{"@id":"https:\/\/clubmicronet.net\/wordpress\/libre-service\/#primaryimage"},"image":{"@id":"https:\/\/clubmicronet.net\/wordpress\/libre-service\/#primaryimage"},"thumbnailUrl":"https:\/\/clubmicronet.net\/wordpress\/wp-content\/uploads\/2025\/06\/Aide-P-mardi-210x300.png","datePublished":"2025-04-15T13:16:34+00:00","dateModified":"2025-06-28T22:47:59+00:00","breadcrumb":{"@id":"https:\/\/clubmicronet.net\/wordpress\/libre-service\/#breadcrumb"},"inLanguage":"fr-FR","potentialAction":[{"@type":"ReadAction","target":["https:\/\/clubmicronet.net\/wordpress\/libre-service\/"]}]},{"@type":"ImageObject","inLanguage":"fr-FR","@id":"https:\/\/clubmicronet.net\/wordpress\/libre-service\/#primaryimage","url":"https:\/\/clubmicronet.net\/wordpress\/wp-content\/uploads\/2025\/06\/Aide-P-mardi.png","contentUrl":"https:\/\/clubmicronet.net\/wordpress\/wp-content\/uploads\/2025\/06\/Aide-P-mardi.png","width":263,"height":375},{"@type":"BreadcrumbList","@id":"https:\/\/clubmicronet.net\/wordpress\/libre-service\/#breadcrumb","itemListElement":[{"@type":"ListItem","position":1,"name":"Accueil","item":"https:\/\/clubmicronet.net\/wordpress\/"},{"@type":"ListItem","position":2,"name":"Libres services"}]},{"@type":"WebSite","@id":"https:\/\/clubmicronet.net\/wordpress\/#website","url":"https:\/\/clubmicronet.net\/wordpress\/","name":"Club Informatique Micronet Vincennes","description":"Le Club d&#039;informatique \u00e0 Vincennes, anim\u00e9 par des b\u00e9n\u00e9voles, vous accueille dans une atmosph\u00e8re conviviale, vous aide \u00e0 d\u00e9finir et atteindre vos objectifs dans le domaine de l\u2019informatique.","publisher":{"@id":"https:\/\/clubmicronet.net\/wordpress\/#organization"},"potentialAction":[{"@type":"SearchAction","target":{"@type":"EntryPoint","urlTemplate":"https:\/\/clubmicronet.net\/wordpress\/?s={search_term_string}"},"query-input":{"@type":"PropertyValueSpecification","valueRequired":true,"valueName":"search_term_string"}}],"inLanguage":"fr-FR"},{"@type":"Organization","@id":"https:\/\/clubmicronet.net\/wordpress\/#organization","name":"Club Micronet Vincennes","url":"https:\/\/clubmicronet.net\/wordpress\/","logo":{"@type":"ImageObject","inLanguage":"fr-FR","@id":"https:\/\/clubmicronet.net\/wordpress\/#\/schema\/logo\/image\/","url":"https:\/\/clubmicronet.net\/wordpress\/wp-content\/uploads\/2021\/05\/logo-club.jpg","contentUrl":"https:\/\/clubmicronet.net\/wordpress\/wp-content\/uploads\/2021\/05\/logo-club.jpg","width":217,"height":214,"caption":"Club Micronet Vincennes"},"image":{"@id":"https:\/\/clubmicronet.net\/wordpress\/#\/schema\/logo\/image\/"},"sameAs":["https:\/\/www.facebook.com\/ClubMicronetVincennes\/"]}]}},"_links":{"self":[{"href":"https:\/\/clubmicronet.net\/wordpress\/wp-json\/wp\/v2\/pages\/4449","targetHints":{"allow":["GET"]}}],"collection":[{"href":"https:\/\/clubmicronet.net\/wordpress\/wp-json\/wp\/v2\/pages"}],"about":[{"href":"https:\/\/clubmicronet.net\/wordpress\/wp-json\/wp\/v2\/types\/page"}],"author":[{"embeddable":true,"href":"https:\/\/clubmicronet.net\/wordpress\/wp-json\/wp\/v2\/users\/1"}],"replies":[{"embeddable":true,"href":"https:\/\/clubmicronet.net\/wordpress\/wp-json\/wp\/v2\/comments?post=4449"}],"version-history":[{"count":16,"href":"https:\/\/clubmicronet.net\/wordpress\/wp-json\/wp\/v2\/pages\/4449\/revisions"}],"predecessor-version":[{"id":4632,"href":"https:\/\/clubmicronet.net\/wordpress\/wp-json\/wp\/v2\/pages\/4449\/revisions\/4632"}],"wp:attachment":[{"href":"https:\/\/clubmicronet.net\/wordpress\/wp-json\/wp\/v2\/media?parent=4449"}],"curies":[{"name":"wp","href":"https:\/\/api.w.org\/{rel}","templated":true}]}}